{"id":1988,"date":"2024-04-14T16:22:43","date_gmt":"2024-04-14T14:22:43","guid":{"rendered":"https:\/\/tessiltoschi.com\/umweltverantwortung\/"},"modified":"2024-04-23T20:04:34","modified_gmt":"2024-04-23T18:04:34","slug":"umweltverantwortung","status":"publish","type":"page","link":"https:\/\/www.tessiltoschi.com\/de\/umweltverantwortung\/","title":{"rendered":"Umweltverantwortung"},"content":{"rendered":"\t\t<div data-elementor-type=\"wp-page\" data-elementor-id=\"1988\" class=\"elementor elementor-1988 elementor-879\" data-elementor-post-type=\"page\">\n\t\t\t\t<div class=\"elementor-element elementor-element-02ac13e e-flex e-con-boxed e-con e-parent\" data-id=\"02ac13e\" data-element_type=\"container\" data-settings=\"{&quot;background_background&quot;:&quot;classic&quot;}\">\n\t\t\t\t\t<div class=\"e-con-inner\">\n\t\t\t\t<div class=\"elementor-element elementor-element-5745d61 elementor-widget elementor-widget-heading\" data-id=\"5745d61\" data-element_type=\"widget\" data-widget_type=\"heading.default\">\n\t\t\t\t<div class=\"elementor-widget-container\">\n\t\t\t\t\t<h2 class=\"elementor-heading-title elementor-size-default\">Tessiltoschi und die Umwelt<\/h2>\t\t\t\t<\/div>\n\t\t\t\t<\/div>\n\t\t\t\t<div class=\"elementor-element elementor-element-79366e9 elementor-widget-divider--view-line elementor-widget elementor-widget-global elementor-global-82 elementor-widget-divider\" data-id=\"79366e9\" data-element_type=\"widget\" data-widget_type=\"divider.default\">\n\t\t\t\t<div class=\"elementor-widget-container\">\n\t\t\t\t\t\t\t<div class=\"elementor-divider\">\n\t\t\t<span class=\"elementor-divider-separator\">\n\t\t\t\t\t\t<\/span>\n\t\t<\/div>\n\t\t\t\t\t\t<\/div>\n\t\t\t\t<\/div>\n\t\t\t\t<div class=\"elementor-element elementor-element-b6e5cf1 elementor-widget__width-initial elementor-widget-tablet__width-inherit elementor-widget elementor-widget-text-editor\" data-id=\"b6e5cf1\" data-element_type=\"widget\" data-widget_type=\"text-editor.default\">\n\t\t\t\t<div class=\"elementor-widget-container\">\n\t\t\t\t\t\t\t\t\t<p>Tessiltoschi hat im Lauf der Zeit besondere Sensibilit\u00e4t gegen\u00fcber der Umwelt gezeigt. Dies ist das Ergebnis einer langj\u00e4hrigen Gesundheitstradition, durch die sich die Unternehmenspolitik seit jeher auszeichnet. Der Wille an einem gesunden Ort zu arbeiten und zum Aufbau einer Zukunft im Einklang mit der Natur beizutragen f\u00fchrte zu einigen wichtigen Entscheidungen, die sich meist nachteilig auf die Wirtschaftlichkeit auswirken: Erwerb von Anlagen mit Sicherheitseigenschaften, die besser sind als in den geltenden Regelungen vorgeschrieben und die physische Gesundheit der damit arbeitenden Personen sicherstellen.<\/p>\n<p>Beispielsweise ist f\u00fcr die Kaschierungsvorg\u00e4nge prinzipiell jedes chemische L\u00f6sungsmittel verboten; es werden lediglich Produkte auf Wasserbasis eingesetzt und eine hochmoderne Kaschierungsanlage, die weder Rauch noch toxische R\u00fcckst\u00e4nde bildet, wurde hergestellt. Entfernung des Asbests von den D\u00e4chern vor der G\u00fcltigkeit der Verordnung, mit der die Entsorgung vereinfacht wurde. Gro\u00dfe Investitionen zur Herstellung sauberer Energie durch die Installation gro\u00dfer Photovoltaik-Anlagen.<\/p>\n<ul>\n<li>Jahr 2008: Pilotanlage mit 20 kWh<\/li>\n<li>Jahr 2011: zweite Anlage mit 350 kWh<\/li>\n<li>Jahr 2013: dritte Anlage mit 84 kWh<\/li>\n<li>Jahr 2015: vierte Anlage mit 34 kWh<\/li>\n<li>So entstanden insgesamt 488 kWh<\/li>\n<\/ul>\n<p>Bisher betrug die Reduktion an Treibhausgas-Emissionen 1.700 Tonnen CO2, und j\u00e4hrlich sparen wir im Durchschnitt 400 Tonnen an CO2 ein.<\/p>\n<p>http:\/\/www.cebfvplant.com\/tessiltoschiampl\/<br \/>http:\/\/www.cebfvplant.com\/romogest\/<br \/>Betreffend die t\u00e4gliche B\u00fcroarbeit wurde die Verwendung von Papier quasi vollst\u00e4ndig durch elektronische Methoden ersetzt. Dokumente werden in elektronischen Archiven gespeichert und verwaltet und der Gro\u00dfteil des Datenstroms mit der Au\u00dfenwelt erfolgt \u00fcber IT-Kan\u00e4le.<\/p>\n\t\t\t\t\t\t\t\t<\/div>\n\t\t\t\t<\/div>\n\t\t\t\t<div class=\"elementor-element elementor-element-9ba9909 elementor-widget__width-initial elementor-widget-tablet__width-inherit elementor-widget elementor-widget-image\" data-id=\"9ba9909\" data-element_type=\"widget\" data-widget_type=\"image.default\">\n\t\t\t\t<div class=\"elementor-widget-container\">\n\t\t\t\t\t\t\t\t\t\t\t\t\t\t\t<img fetchpriority=\"high\" decoding=\"async\" width=\"570\" height=\"440\" src=\"https:\/\/www.tessiltoschi.com\/wp-content\/uploads\/2024\/04\/environmental-responsibility.jpg\" class=\"attachment-full size-full wp-image-1892\" alt=\"\" srcset=\"https:\/\/www.tessiltoschi.com\/wp-content\/uploads\/2024\/04\/environmental-responsibility.jpg 570w, https:\/\/www.tessiltoschi.com\/wp-content\/uploads\/2024\/04\/environmental-responsibility-300x232.jpg 300w\" sizes=\"(max-width: 570px) 100vw, 570px\" \/>\t\t\t\t\t\t\t\t\t\t\t\t\t\t\t<\/div>\n\t\t\t\t<\/div>\n\t\t\t\t\t<\/div>\n\t\t\t\t<\/div>\n\t\t\t\t<\/div>\n\t\t","protected":false},"excerpt":{"rendered":"<p>Tessiltoschi und die Umwelt Tessiltoschi hat im Lauf der Zeit besondere Sensibilit\u00e4t gegen\u00fcber der Umwelt gezeigt. Dies ist das Ergebnis einer langj\u00e4hrigen Gesundheitstradition, durch die sich die Unternehmenspolitik seit jeher auszeichnet. Der Wille an einem gesunden Ort zu arbeiten und zum Aufbau einer Zukunft im Einklang mit der Natur beizutragen f\u00fchrte zu einigen wichtigen Entscheidungen, [&hellip;]<\/p>\n","protected":false},"author":1,"featured_media":0,"parent":0,"menu_order":0,"comment_status":"closed","ping_status":"open","template":"","meta":{"_acf_changed":false,"footnotes":""},"class_list":["post-1988","page","type-page","status-publish","hentry"],"acf":[],"_links":{"self":[{"href":"https:\/\/www.tessiltoschi.com\/de\/wp-json\/wp\/v2\/pages\/1988","targetHints":{"allow":["GET"]}}],"collection":[{"href":"https:\/\/www.tessiltoschi.com\/de\/wp-json\/wp\/v2\/pages"}],"about":[{"href":"https:\/\/www.tessiltoschi.com\/de\/wp-json\/wp\/v2\/types\/page"}],"author":[{"embeddable":true,"href":"https:\/\/www.tessiltoschi.com\/de\/wp-json\/wp\/v2\/users\/1"}],"replies":[{"embeddable":true,"href":"https:\/\/www.tessiltoschi.com\/de\/wp-json\/wp\/v2\/comments?post=1988"}],"version-history":[{"count":4,"href":"https:\/\/www.tessiltoschi.com\/de\/wp-json\/wp\/v2\/pages\/1988\/revisions"}],"predecessor-version":[{"id":2858,"href":"https:\/\/www.tessiltoschi.com\/de\/wp-json\/wp\/v2\/pages\/1988\/revisions\/2858"}],"wp:attachment":[{"href":"https:\/\/www.tessiltoschi.com\/de\/wp-json\/wp\/v2\/media?parent=1988"}],"curies":[{"name":"wp","href":"https:\/\/api.w.org\/{rel}","templated":true}]}}