{"id":2038,"date":"2024-04-14T19:12:42","date_gmt":"2024-04-14T17:12:42","guid":{"rendered":"https:\/\/tessiltoschi.com\/labor\/"},"modified":"2024-05-03T09:00:38","modified_gmt":"2024-05-03T07:00:38","slug":"labor","status":"publish","type":"page","link":"https:\/\/www.tessiltoschi.com\/de\/labor\/","title":{"rendered":"Labor"},"content":{"rendered":"\t\t<div data-elementor-type=\"wp-page\" data-elementor-id=\"2038\" class=\"elementor elementor-2038 elementor-962\" data-elementor-post-type=\"page\">\n\t\t\t\t<div class=\"elementor-element elementor-element-02ac13e e-flex e-con-boxed e-con e-parent\" data-id=\"02ac13e\" data-element_type=\"container\" data-e-type=\"container\" data-settings=\"{&quot;background_background&quot;:&quot;classic&quot;}\">\n\t\t\t\t\t<div class=\"e-con-inner\">\n\t\t\t\t<div class=\"elementor-element elementor-element-79366e9 elementor-widget-divider--view-line elementor-widget elementor-widget-global elementor-global-82 elementor-widget-divider\" data-id=\"79366e9\" data-element_type=\"widget\" data-e-type=\"widget\" data-widget_type=\"divider.default\">\n\t\t\t\t<div class=\"elementor-widget-container\">\n\t\t\t\t\t\t\t<div class=\"elementor-divider\">\n\t\t\t<span class=\"elementor-divider-separator\">\n\t\t\t\t\t\t<\/span>\n\t\t<\/div>\n\t\t\t\t\t\t<\/div>\n\t\t\t\t<\/div>\n\t\t\t\t<div class=\"elementor-element elementor-element-b6e5cf1 elementor-widget__width-inherit elementor-widget-tablet__width-inherit elementor-widget elementor-widget-text-editor\" data-id=\"b6e5cf1\" data-element_type=\"widget\" data-e-type=\"widget\" data-widget_type=\"text-editor.default\">\n\t\t\t\t<div class=\"elementor-widget-container\">\n\t\t\t\t\t\t\t\t\t<p>Das Labor ist der Mittelpunkt der Forschungs- und Entwicklungsabteilung von Tessiltoschi. Unser Ziel ist es, die Kunden bestm\u00f6glich zufriedenzustellen, indem wir ihnen zertifizierte Produkte von hoher Qualit\u00e4t anbieten.&nbsp;<span style=\"color: var( --e-global-color-text ); font-family: var( --e-global-typography-text-font-family ), Sans-serif; font-size: var( --e-global-typography-text-font-size ); font-weight: var( --e-global-typography-text-font-weight );\">Zu den wichtigsten durchgef\u00fchrten Tests geh\u00f6ren:<\/span><\/p>\n\t\t\t\t\t\t\t\t<\/div>\n\t\t\t\t<\/div>\n\t\t\t\t<div class=\"elementor-element elementor-element-2f9fff5 elementor-widget__width-initial elementor-widget-tablet__width-inherit elementor-position-top elementor-widget elementor-widget-image-box\" data-id=\"2f9fff5\" data-element_type=\"widget\" data-e-type=\"widget\" data-widget_type=\"image-box.default\">\n\t\t\t\t<div class=\"elementor-widget-container\">\n\t\t\t\t\t<div class=\"elementor-image-box-wrapper\"><figure class=\"elementor-image-box-img\"><img fetchpriority=\"high\" decoding=\"async\" width=\"640\" height=\"330\" src=\"https:\/\/www.tessiltoschi.com\/wp-content\/uploads\/2024\/04\/laboratory-martindale.jpg\" class=\"attachment-full size-full wp-image-982\" alt=\"\" srcset=\"https:\/\/www.tessiltoschi.com\/wp-content\/uploads\/2024\/04\/laboratory-martindale.jpg 640w, https:\/\/www.tessiltoschi.com\/wp-content\/uploads\/2024\/04\/laboratory-martindale-300x155.jpg 300w, https:\/\/www.tessiltoschi.com\/wp-content\/uploads\/2024\/04\/laboratory-martindale-600x309.jpg 600w\" sizes=\"(max-width: 640px) 100vw, 640px\" \/><\/figure><div class=\"elementor-image-box-content\"><h3 class=\"elementor-image-box-title\">Martindale<\/h3><p class=\"elementor-image-box-description\">MARTINDALE-Methode, um die Scheuerbest\u00e4ndigkeit auf der Grundlage der Norm EN ISO 12947-2 und die Pilling-Best\u00e4ndigkeit auf der Grundlage der Norm EN ISO 12945-2 zu analysieren.<\/p><\/div><\/div>\t\t\t\t<\/div>\n\t\t\t\t<\/div>\n\t\t\t\t<div class=\"elementor-element elementor-element-6f7dbeb elementor-widget__width-initial elementor-widget-tablet__width-inherit elementor-position-top elementor-widget elementor-widget-image-box\" data-id=\"6f7dbeb\" data-element_type=\"widget\" data-e-type=\"widget\" data-widget_type=\"image-box.default\">\n\t\t\t\t<div class=\"elementor-widget-container\">\n\t\t\t\t\t<div class=\"elementor-image-box-wrapper\"><figure class=\"elementor-image-box-img\"><img decoding=\"async\" width=\"640\" height=\"330\" src=\"https:\/\/www.tessiltoschi.com\/wp-content\/uploads\/2024\/04\/laboratory-delamination.jpg\" class=\"attachment-full size-full wp-image-988\" alt=\"\" srcset=\"https:\/\/www.tessiltoschi.com\/wp-content\/uploads\/2024\/04\/laboratory-delamination.jpg 640w, https:\/\/www.tessiltoschi.com\/wp-content\/uploads\/2024\/04\/laboratory-delamination-300x155.jpg 300w, https:\/\/www.tessiltoschi.com\/wp-content\/uploads\/2024\/04\/laboratory-delamination-600x309.jpg 600w\" sizes=\"(max-width: 640px) 100vw, 640px\" \/><\/figure><div class=\"elementor-image-box-content\"><h3 class=\"elementor-image-box-title\">Rei\u00dfen, Zug und Delaminierung<\/h3><p class=\"elementor-image-box-description\">Test zur Rei\u00dffestigkeit (UNI EN ISO 13937), Zugeigenschaften (UNI EN ISO 13934) und Delamination (UNI EN ISO 12754).<\/p><\/div><\/div>\t\t\t\t<\/div>\n\t\t\t\t<\/div>\n\t\t\t\t<div class=\"elementor-element elementor-element-c504d2e elementor-widget__width-initial elementor-widget-tablet__width-inherit elementor-position-top elementor-widget elementor-widget-image-box\" data-id=\"c504d2e\" data-element_type=\"widget\" data-e-type=\"widget\" data-widget_type=\"image-box.default\">\n\t\t\t\t<div class=\"elementor-widget-container\">\n\t\t\t\t\t<div class=\"elementor-image-box-wrapper\"><figure class=\"elementor-image-box-img\"><img decoding=\"async\" width=\"640\" height=\"330\" src=\"https:\/\/www.tessiltoschi.com\/wp-content\/uploads\/2024\/04\/laboratory-delamination.jpg\" class=\"attachment-full size-full wp-image-988\" alt=\"\" srcset=\"https:\/\/www.tessiltoschi.com\/wp-content\/uploads\/2024\/04\/laboratory-delamination.jpg 640w, https:\/\/www.tessiltoschi.com\/wp-content\/uploads\/2024\/04\/laboratory-delamination-300x155.jpg 300w, https:\/\/www.tessiltoschi.com\/wp-content\/uploads\/2024\/04\/laboratory-delamination-600x309.jpg 600w\" sizes=\"(max-width: 640px) 100vw, 640px\" \/><\/figure><div class=\"elementor-image-box-content\"><h3 class=\"elementor-image-box-title\">Anti-Perforation<\/h3><p class=\"elementor-image-box-description\">Spezifische Tests zur Durchstichsicherheit bei Sicherheitsschuhen.<\/p><\/div><\/div>\t\t\t\t<\/div>\n\t\t\t\t<\/div>\n\t\t\t\t<div class=\"elementor-element elementor-element-abbad42 elementor-widget__width-initial elementor-widget-tablet__width-inherit elementor-position-top elementor-widget elementor-widget-image-box\" data-id=\"abbad42\" data-element_type=\"widget\" data-e-type=\"widget\" data-widget_type=\"image-box.default\">\n\t\t\t\t<div class=\"elementor-widget-container\">\n\t\t\t\t\t<div class=\"elementor-image-box-wrapper\"><figure class=\"elementor-image-box-img\"><img decoding=\"async\" width=\"640\" height=\"330\" src=\"https:\/\/www.tessiltoschi.com\/wp-content\/uploads\/2024\/04\/laboratory-flexing.jpg\" class=\"attachment-full size-full wp-image-992\" alt=\"\" srcset=\"https:\/\/www.tessiltoschi.com\/wp-content\/uploads\/2024\/04\/laboratory-flexing.jpg 640w, https:\/\/www.tessiltoschi.com\/wp-content\/uploads\/2024\/04\/laboratory-flexing-300x155.jpg 300w, https:\/\/www.tessiltoschi.com\/wp-content\/uploads\/2024\/04\/laboratory-flexing-600x309.jpg 600w\" sizes=\"(max-width: 640px) 100vw, 640px\" \/><\/figure><div class=\"elementor-image-box-content\"><h3 class=\"elementor-image-box-title\">Biegetest<\/h3><p class=\"elementor-image-box-description\">Biegefestigkeit f\u00fcr Durchtrittssichere Einlagen nach CSA Z 195-14 und ASTM F2413-11.<\/p><\/div><\/div>\t\t\t\t<\/div>\n\t\t\t\t<\/div>\n\t\t\t\t<div class=\"elementor-element elementor-element-8573817 elementor-widget__width-initial elementor-widget-tablet__width-inherit elementor-position-top elementor-widget elementor-widget-image-box\" data-id=\"8573817\" data-element_type=\"widget\" data-e-type=\"widget\" data-widget_type=\"image-box.default\">\n\t\t\t\t<div class=\"elementor-widget-container\">\n\t\t\t\t\t<div class=\"elementor-image-box-wrapper\"><figure class=\"elementor-image-box-img\"><img loading=\"lazy\" decoding=\"async\" width=\"640\" height=\"330\" src=\"https:\/\/www.tessiltoschi.com\/wp-content\/uploads\/2024\/04\/laboratory-flex.jpg\" class=\"attachment-full size-full wp-image-999\" alt=\"\" srcset=\"https:\/\/www.tessiltoschi.com\/wp-content\/uploads\/2024\/04\/laboratory-flex.jpg 640w, https:\/\/www.tessiltoschi.com\/wp-content\/uploads\/2024\/04\/laboratory-flex-300x155.jpg 300w, https:\/\/www.tessiltoschi.com\/wp-content\/uploads\/2024\/04\/laboratory-flex-600x309.jpg 600w\" sizes=\"(max-width: 640px) 100vw, 640px\" \/><\/figure><div class=\"elementor-image-box-content\"><h3 class=\"elementor-image-box-title\">Biegefestigkeit<\/h3><p class=\"elementor-image-box-description\">Tests zur Biegefestigkeit, beruhend auf der Norm UNI 4818.<\/p><\/div><\/div>\t\t\t\t<\/div>\n\t\t\t\t<\/div>\n\t\t\t\t<div class=\"elementor-element elementor-element-91978d1 elementor-widget__width-initial elementor-widget-tablet__width-inherit elementor-position-top elementor-widget elementor-widget-image-box\" data-id=\"91978d1\" data-element_type=\"widget\" data-e-type=\"widget\" data-widget_type=\"image-box.default\">\n\t\t\t\t<div class=\"elementor-widget-container\">\n\t\t\t\t\t<div class=\"elementor-image-box-wrapper\"><figure class=\"elementor-image-box-img\"><img loading=\"lazy\" decoding=\"async\" width=\"640\" height=\"330\" src=\"https:\/\/www.tessiltoschi.com\/wp-content\/uploads\/2024\/04\/laboratory-rubbing.jpg\" class=\"attachment-full size-full wp-image-1000\" alt=\"\" srcset=\"https:\/\/www.tessiltoschi.com\/wp-content\/uploads\/2024\/04\/laboratory-rubbing.jpg 640w, https:\/\/www.tessiltoschi.com\/wp-content\/uploads\/2024\/04\/laboratory-rubbing-300x155.jpg 300w, https:\/\/www.tessiltoschi.com\/wp-content\/uploads\/2024\/04\/laboratory-rubbing-600x309.jpg 600w\" sizes=\"(max-width: 640px) 100vw, 640px\" \/><\/figure><div class=\"elementor-image-box-content\"><h3 class=\"elementor-image-box-title\">Scheuerfestigkeit<\/h3><p class=\"elementor-image-box-description\">Test zur Scheuerfestigkeit.<\/p><\/div><\/div>\t\t\t\t<\/div>\n\t\t\t\t<\/div>\n\t\t\t\t<div class=\"elementor-element elementor-element-9189798 elementor-widget__width-initial elementor-widget-tablet__width-inherit elementor-position-top elementor-widget elementor-widget-image-box\" data-id=\"9189798\" data-element_type=\"widget\" data-e-type=\"widget\" data-widget_type=\"image-box.default\">\n\t\t\t\t<div class=\"elementor-widget-container\">\n\t\t\t\t\t<div class=\"elementor-image-box-wrapper\"><figure class=\"elementor-image-box-img\"><img loading=\"lazy\" decoding=\"async\" width=\"640\" height=\"330\" src=\"https:\/\/www.tessiltoschi.com\/wp-content\/uploads\/2024\/04\/laboratory-spray.jpg\" class=\"attachment-full size-full wp-image-1001\" alt=\"\" srcset=\"https:\/\/www.tessiltoschi.com\/wp-content\/uploads\/2024\/04\/laboratory-spray.jpg 640w, https:\/\/www.tessiltoschi.com\/wp-content\/uploads\/2024\/04\/laboratory-spray-300x155.jpg 300w, https:\/\/www.tessiltoschi.com\/wp-content\/uploads\/2024\/04\/laboratory-spray-600x309.jpg 600w\" sizes=\"(max-width: 640px) 100vw, 640px\" \/><\/figure><div class=\"elementor-image-box-content\"><h3 class=\"elementor-image-box-title\">Spray Test<\/h3><\/div><\/div>\t\t\t\t<\/div>\n\t\t\t\t<\/div>\n\t\t\t\t\t<\/div>\n\t\t\t\t<\/div>\n\t\t\t\t<\/div>\n\t\t","protected":false},"excerpt":{"rendered":"<p>Das Labor ist der Mittelpunkt der Forschungs- und Entwicklungsabteilung von Tessiltoschi. Unser Ziel ist es, die Kunden bestm\u00f6glich zufriedenzustellen, indem wir ihnen zertifizierte Produkte von hoher Qualit\u00e4t anbieten.&nbsp;Zu den wichtigsten durchgef\u00fchrten Tests geh\u00f6ren: Martindale MARTINDALE-Methode, um die Scheuerbest\u00e4ndigkeit auf der Grundlage der Norm EN ISO 12947-2 und die Pilling-Best\u00e4ndigkeit auf der Grundlage der Norm EN [&hellip;]<\/p>\n","protected":false},"author":1,"featured_media":0,"parent":0,"menu_order":0,"comment_status":"closed","ping_status":"open","template":"","meta":{"_acf_changed":false,"footnotes":""},"class_list":["post-2038","page","type-page","status-publish","hentry"],"acf":[],"_links":{"self":[{"href":"https:\/\/www.tessiltoschi.com\/de\/wp-json\/wp\/v2\/pages\/2038","targetHints":{"allow":["GET"]}}],"collection":[{"href":"https:\/\/www.tessiltoschi.com\/de\/wp-json\/wp\/v2\/pages"}],"about":[{"href":"https:\/\/www.tessiltoschi.com\/de\/wp-json\/wp\/v2\/types\/page"}],"author":[{"embeddable":true,"href":"https:\/\/www.tessiltoschi.com\/de\/wp-json\/wp\/v2\/users\/1"}],"replies":[{"embeddable":true,"href":"https:\/\/www.tessiltoschi.com\/de\/wp-json\/wp\/v2\/comments?post=2038"}],"version-history":[{"count":12,"href":"https:\/\/www.tessiltoschi.com\/de\/wp-json\/wp\/v2\/pages\/2038\/revisions"}],"predecessor-version":[{"id":3089,"href":"https:\/\/www.tessiltoschi.com\/de\/wp-json\/wp\/v2\/pages\/2038\/revisions\/3089"}],"wp:attachment":[{"href":"https:\/\/www.tessiltoschi.com\/de\/wp-json\/wp\/v2\/media?parent=2038"}],"curies":[{"name":"wp","href":"https:\/\/api.w.org\/{rel}","templated":true}]}}