{"id":2069,"date":"2024-04-14T20:43:50","date_gmt":"2024-04-14T18:43:50","guid":{"rendered":"https:\/\/tessiltoschi.com\/orthopaedische-stoffe\/"},"modified":"2024-04-24T17:43:32","modified_gmt":"2024-04-24T15:43:32","slug":"orthopaedische-stoffe","status":"publish","type":"page","link":"https:\/\/www.tessiltoschi.com\/de\/orthopaedische-stoffe\/","title":{"rendered":"Orthop\u00e4dische Stoffe"},"content":{"rendered":"\t\t<div data-elementor-type=\"wp-page\" data-elementor-id=\"2069\" class=\"elementor elementor-2069 elementor-1025\" data-elementor-post-type=\"page\">\n\t\t\t\t<div class=\"elementor-element elementor-element-02ac13e e-flex e-con-boxed e-con e-parent\" data-id=\"02ac13e\" data-element_type=\"container\">\n\t\t\t\t\t<div class=\"e-con-inner\">\n\t\t\t\t<div class=\"elementor-element elementor-element-79366e9 elementor-widget-divider--view-line elementor-widget elementor-widget-global elementor-global-82 elementor-widget-divider\" data-id=\"79366e9\" data-element_type=\"widget\" data-widget_type=\"divider.default\">\n\t\t\t\t<div class=\"elementor-widget-container\">\n\t\t\t\t\t\t\t<div class=\"elementor-divider\">\n\t\t\t<span class=\"elementor-divider-separator\">\n\t\t\t\t\t\t<\/span>\n\t\t<\/div>\n\t\t\t\t\t\t<\/div>\n\t\t\t\t<\/div>\n\t\t\t\t<div class=\"elementor-element elementor-element-2f9fff5 elementor-widget__width-initial elementor-widget-tablet__width-initial elementor-position-top elementor-widget elementor-widget-image-box\" data-id=\"2f9fff5\" data-element_type=\"widget\" data-widget_type=\"image-box.default\">\n\t\t\t\t<div class=\"elementor-widget-container\">\n\t\t\t\t\t<div class=\"elementor-image-box-wrapper\"><figure class=\"elementor-image-box-img\"><img fetchpriority=\"high\" decoding=\"async\" width=\"640\" height=\"330\" src=\"https:\/\/www.tessiltoschi.com\/wp-content\/uploads\/2024\/04\/orthoses-velcro-velvets.jpg\" class=\"attachment-full size-full wp-image-1027\" alt=\"\" srcset=\"https:\/\/www.tessiltoschi.com\/wp-content\/uploads\/2024\/04\/orthoses-velcro-velvets.jpg 640w, https:\/\/www.tessiltoschi.com\/wp-content\/uploads\/2024\/04\/orthoses-velcro-velvets-300x155.jpg 300w, https:\/\/www.tessiltoschi.com\/wp-content\/uploads\/2024\/04\/orthoses-velcro-velvets-600x309.jpg 600w\" sizes=\"(max-width: 640px) 100vw, 640px\" \/><\/figure><div class=\"elementor-image-box-content\"><h3 class=\"elementor-image-box-title\">KLETTF\u00c4HIGE VELOURE<\/h3><p class=\"elementor-image-box-description\">Die Produktpalette an klettf\u00e4higen Velouren zeichnet sich durch die Vielfalt an Fl\u00e4chengewichten aus, die von 70 g\/m2 bis zu 200 g\/m2 reichen. Sie eignen sich, um maximale Einfachheit bei der Anwendung von orthop\u00e4dischen Schuhen und Orthesen zu garantieren.<\/p><\/div><\/div>\t\t\t\t<\/div>\n\t\t\t\t<\/div>\n\t\t\t\t<div class=\"elementor-element elementor-element-6f7dbeb elementor-widget__width-initial elementor-widget-tablet__width-initial elementor-position-top elementor-widget elementor-widget-image-box\" data-id=\"6f7dbeb\" data-element_type=\"widget\" data-widget_type=\"image-box.default\">\n\t\t\t\t<div class=\"elementor-widget-container\">\n\t\t\t\t\t<div class=\"elementor-image-box-wrapper\"><figure class=\"elementor-image-box-img\"><img decoding=\"async\" src=\"https:\/\/www.tessiltoschi.com\/wp-content\/uploads\/2024\/04\/orthoses-lining.jpg\" title=\"orthoses-lining\" alt=\"orthoses-lining\" loading=\"lazy\" \/><\/figure><div class=\"elementor-image-box-content\"><h3 class=\"elementor-image-box-title\">FUTTERSTOFFE<\/h3><p class=\"elementor-image-box-description\">Aus Baumwolle, Polyester und Polyamid hergestellt, sind die Futterstoffe perfekt atmungsaktiv und f\u00fchlen sich weich an, um f\u00fcr ein angenehmes Gef\u00fchl im Schuh zu sorgen.<\/p><\/div><\/div>\t\t\t\t<\/div>\n\t\t\t\t<\/div>\n\t\t\t\t<div class=\"elementor-element elementor-element-c504d2e elementor-widget__width-initial elementor-widget-tablet__width-initial elementor-position-top elementor-widget elementor-widget-image-box\" data-id=\"c504d2e\" data-element_type=\"widget\" data-widget_type=\"image-box.default\">\n\t\t\t\t<div class=\"elementor-widget-container\">\n\t\t\t\t\t<div class=\"elementor-image-box-wrapper\"><figure class=\"elementor-image-box-img\"><img decoding=\"async\" width=\"640\" height=\"330\" src=\"https:\/\/www.tessiltoschi.com\/wp-content\/uploads\/2024\/04\/orthoses-foams.jpg\" class=\"attachment-full size-full wp-image-1034\" alt=\"\" srcset=\"https:\/\/www.tessiltoschi.com\/wp-content\/uploads\/2024\/04\/orthoses-foams.jpg 640w, https:\/\/www.tessiltoschi.com\/wp-content\/uploads\/2024\/04\/orthoses-foams-300x155.jpg 300w, https:\/\/www.tessiltoschi.com\/wp-content\/uploads\/2024\/04\/orthoses-foams-600x309.jpg 600w\" sizes=\"(max-width: 640px) 100vw, 640px\" \/><\/figure><div class=\"elementor-image-box-content\"><h3 class=\"elementor-image-box-title\">GUMMI<\/h3><p class=\"elementor-image-box-description\">Gummi ist ein atmungsaktives Material, das als Tr\u00e4ger bei Kaschierungen eingesetzt wird. Um maximale Vielseitigkeit bei der Verarbeitung des fertigen Materials zu garantieren, bieten wir Gummi mit unterschiedlicher Dichte und St\u00e4rke an, die von 0 bis 9 mm reicht.<\/p><\/div><\/div>\t\t\t\t<\/div>\n\t\t\t\t<\/div>\n\t\t\t\t<div class=\"elementor-element elementor-element-abbad42 elementor-widget__width-initial elementor-widget-tablet__width-initial elementor-position-top elementor-widget elementor-widget-image-box\" data-id=\"abbad42\" data-element_type=\"widget\" data-widget_type=\"image-box.default\">\n\t\t\t\t<div class=\"elementor-widget-container\">\n\t\t\t\t\t<div class=\"elementor-image-box-wrapper\"><figure class=\"elementor-image-box-img\"><img decoding=\"async\" width=\"640\" height=\"330\" src=\"https:\/\/www.tessiltoschi.com\/wp-content\/uploads\/2024\/04\/orthoses-elastic-textiles.jpg\" class=\"attachment-full size-full wp-image-1035\" alt=\"\" srcset=\"https:\/\/www.tessiltoschi.com\/wp-content\/uploads\/2024\/04\/orthoses-elastic-textiles.jpg 640w, https:\/\/www.tessiltoschi.com\/wp-content\/uploads\/2024\/04\/orthoses-elastic-textiles-300x155.jpg 300w, https:\/\/www.tessiltoschi.com\/wp-content\/uploads\/2024\/04\/orthoses-elastic-textiles-600x309.jpg 600w\" sizes=\"(max-width: 640px) 100vw, 640px\" \/><\/figure><div class=\"elementor-image-box-content\"><h3 class=\"elementor-image-box-title\">ELASTISCHE STOFFE<\/h3><p class=\"elementor-image-box-description\">Die elastischen Stoffe eignen sich f\u00fcr das Obermaterial von orthop\u00e4dischen Schuhen und Orthesen. Sie modellieren sich um den betroffenen Bereich und garantieren die richtige Kompression.<\/p><\/div><\/div>\t\t\t\t<\/div>\n\t\t\t\t<\/div>\n\t\t\t\t<div class=\"elementor-element elementor-element-8573817 elementor-widget__width-initial elementor-widget-tablet__width-initial elementor-position-top elementor-widget elementor-widget-image-box\" data-id=\"8573817\" data-element_type=\"widget\" data-widget_type=\"image-box.default\">\n\t\t\t\t<div class=\"elementor-widget-container\">\n\t\t\t\t\t<div class=\"elementor-image-box-wrapper\"><figure class=\"elementor-image-box-img\"><img loading=\"lazy\" decoding=\"async\" width=\"640\" height=\"330\" src=\"https:\/\/www.tessiltoschi.com\/wp-content\/uploads\/2024\/04\/orthoses-three-dimensional.jpg\" class=\"attachment-full size-full wp-image-1036\" alt=\"\" srcset=\"https:\/\/www.tessiltoschi.com\/wp-content\/uploads\/2024\/04\/orthoses-three-dimensional.jpg 640w, https:\/\/www.tessiltoschi.com\/wp-content\/uploads\/2024\/04\/orthoses-three-dimensional-300x155.jpg 300w, https:\/\/www.tessiltoschi.com\/wp-content\/uploads\/2024\/04\/orthoses-three-dimensional-600x309.jpg 600w\" sizes=\"(max-width: 640px) 100vw, 640px\" \/><\/figure><div class=\"elementor-image-box-content\"><h3 class=\"elementor-image-box-title\">DREIDIMENSIONALE STOFFE<\/h3><p class=\"elementor-image-box-description\">F\u00fcr orthop\u00e4dische Schuhe und Orthesen geeignet, erm\u00f6glichen dreidimensionale Stoffe besondere Atmungsaktivit\u00e4t und garantieren gleichzeitig St\u00e4rke bei der Verarbeitung sowie herausragende mechanische Eigenschaften.<\/p><\/div><\/div>\t\t\t\t<\/div>\n\t\t\t\t<\/div>\n\t\t\t\t<div class=\"elementor-element elementor-element-a35bfdf elementor-widget__width-initial elementor-widget-tablet__width-initial elementor-widget elementor-widget-image-box\" data-id=\"a35bfdf\" data-element_type=\"widget\" data-widget_type=\"image-box.default\">\n\t\t\t\t<div class=\"elementor-widget-container\">\n\t\t\t\t\t<div class=\"elementor-image-box-wrapper\"><div class=\"elementor-image-box-content\"><h3 class=\"elementor-image-box-title\"> <\/h3><\/div><\/div>\t\t\t\t<\/div>\n\t\t\t\t<\/div>\n\t\t\t\t\t<\/div>\n\t\t\t\t<\/div>\n\t\t\t\t<\/div>\n\t\t","protected":false},"excerpt":{"rendered":"<p>KLETTF\u00c4HIGE VELOURE Die Produktpalette an klettf\u00e4higen Velouren zeichnet sich durch die Vielfalt an Fl\u00e4chengewichten aus, die von 70 g\/m2 bis zu 200 g\/m2 reichen. Sie eignen sich, um maximale Einfachheit bei der Anwendung von orthop\u00e4dischen Schuhen und Orthesen zu garantieren. FUTTERSTOFFE Aus Baumwolle, Polyester und Polyamid hergestellt, sind die Futterstoffe perfekt atmungsaktiv und f\u00fchlen sich [&hellip;]<\/p>\n","protected":false},"author":1,"featured_media":0,"parent":0,"menu_order":0,"comment_status":"closed","ping_status":"closed","template":"","meta":{"_acf_changed":false,"footnotes":""},"class_list":["post-2069","page","type-page","status-publish","hentry"],"acf":[],"_links":{"self":[{"href":"https:\/\/www.tessiltoschi.com\/de\/wp-json\/wp\/v2\/pages\/2069","targetHints":{"allow":["GET"]}}],"collection":[{"href":"https:\/\/www.tessiltoschi.com\/de\/wp-json\/wp\/v2\/pages"}],"about":[{"href":"https:\/\/www.tessiltoschi.com\/de\/wp-json\/wp\/v2\/types\/page"}],"author":[{"embeddable":true,"href":"https:\/\/www.tessiltoschi.com\/de\/wp-json\/wp\/v2\/users\/1"}],"replies":[{"embeddable":true,"href":"https:\/\/www.tessiltoschi.com\/de\/wp-json\/wp\/v2\/comments?post=2069"}],"version-history":[{"count":4,"href":"https:\/\/www.tessiltoschi.com\/de\/wp-json\/wp\/v2\/pages\/2069\/revisions"}],"predecessor-version":[{"id":2931,"href":"https:\/\/www.tessiltoschi.com\/de\/wp-json\/wp\/v2\/pages\/2069\/revisions\/2931"}],"wp:attachment":[{"href":"https:\/\/www.tessiltoschi.com\/de\/wp-json\/wp\/v2\/media?parent=2069"}],"curies":[{"name":"wp","href":"https:\/\/api.w.org\/{rel}","templated":true}]}}