{"id":1984,"date":"2024-04-14T16:22:43","date_gmt":"2024-04-14T14:22:43","guid":{"rendered":"https:\/\/tessiltoschi.com\/responsabilite-environnementale\/"},"modified":"2024-04-23T20:04:49","modified_gmt":"2024-04-23T18:04:49","slug":"responsabilite-environnementale","status":"publish","type":"page","link":"https:\/\/www.tessiltoschi.com\/fr\/responsabilite-environnementale\/","title":{"rendered":"Responsabilit\u00e9 environnementale"},"content":{"rendered":"\t\t<div data-elementor-type=\"wp-page\" data-elementor-id=\"1984\" class=\"elementor elementor-1984 elementor-879\" data-elementor-post-type=\"page\">\n\t\t\t\t<div class=\"elementor-element elementor-element-02ac13e e-flex e-con-boxed e-con e-parent\" data-id=\"02ac13e\" data-element_type=\"container\" data-e-type=\"container\" data-settings=\"{&quot;background_background&quot;:&quot;classic&quot;}\">\n\t\t\t\t\t<div class=\"e-con-inner\">\n\t\t\t\t<div class=\"elementor-element elementor-element-5745d61 elementor-widget elementor-widget-heading\" data-id=\"5745d61\" data-element_type=\"widget\" data-e-type=\"widget\" data-widget_type=\"heading.default\">\n\t\t\t\t<div class=\"elementor-widget-container\">\n\t\t\t\t\t<h2 class=\"elementor-heading-title elementor-size-default\">Tessiltoschi et l\u2019environnement<\/h2>\t\t\t\t<\/div>\n\t\t\t\t<\/div>\n\t\t\t\t<div class=\"elementor-element elementor-element-79366e9 elementor-widget-divider--view-line elementor-widget elementor-widget-global elementor-global-82 elementor-widget-divider\" data-id=\"79366e9\" data-element_type=\"widget\" data-e-type=\"widget\" data-widget_type=\"divider.default\">\n\t\t\t\t<div class=\"elementor-widget-container\">\n\t\t\t\t\t\t\t<div class=\"elementor-divider\">\n\t\t\t<span class=\"elementor-divider-separator\">\n\t\t\t\t\t\t<\/span>\n\t\t<\/div>\n\t\t\t\t\t\t<\/div>\n\t\t\t\t<\/div>\n\t\t\t\t<div class=\"elementor-element elementor-element-b6e5cf1 elementor-widget__width-initial elementor-widget-tablet__width-inherit elementor-widget elementor-widget-text-editor\" data-id=\"b6e5cf1\" data-element_type=\"widget\" data-e-type=\"widget\" data-widget_type=\"text-editor.default\">\n\t\t\t\t<div class=\"elementor-widget-container\">\n\t\t\t\t\t\t\t\t\t<p>Tessiltoschi a fait preuve dans le temps d\u2019une grande sensibilit\u00e9 pour pr\u00e9server l\u2019environnement, r\u00e9sultat d\u2019une longue tradition de comportement salutaire qui a toujours caract\u00e9ris\u00e9 la politique de l\u2019entreprise. La volont\u00e9 de vivre sur un lieu de travail sain et de contribuer \u00e0 la construction d\u2019un futur davantage en harmonie avec la nature a impliqu\u00e9 certaines d\u00e9cisions significatives, souvent p\u00e9nalisantes sur le plan \u00e9conomique: acquisition d\u2019installations dont les caract\u00e9ristiques de s\u00e9curit\u00e9 sont sup\u00e9rieures \u00e0 celles demand\u00e9es par les r\u00e8glementations en vigueur et s\u00fbres pour la sant\u00e9 physique du personnel.<\/p>\n<p>Nous pouvons citer comme exemple que, dans le processus de contre-collage, l\u2019utilisation de solvants chimiques est interdite; nous utilisons uniquement des produits \u00e0 base d\u2019eau et, r\u00e9cemment, nous avons r\u00e9alis\u00e9 une installation moderne de contre-collage qui ne produit ni fum\u00e9e, ni \u00e9manations toxiques. Elimination de l\u2019amiante des toits, cela avant la mise en place de la norme qui en facilitait le traitement. Investissements massifs pour produire une \u00e9nergie propre, avec l\u2019installation de syst\u00e8mes photovolta\u00efques.<\/p>\n<ul>\n<li>2008 Installation pilote de 20 Kwh<\/li>\n<li>2011 Deuxi\u00e8me installation de 350 Kwh<\/li>\n<li>2013 Troisi\u00e8me installation de 84 Kwh<\/li>\n<li>2015 Quatri\u00e8me installation de 34 Kwh<\/li>\n<li>Pour un total de 488 Kwh<\/li>\n<\/ul>\n<p>Actuellement l\u2019\u00e9conomie totale r\u00e9alis\u00e9e en termes de r\u00e9duction du r\u00e9chauffement climatique est de l\u2019ordre de 1.700 tonnes de CO2 et d\u2019une \u00e9conomie annuelle en moyenne de 400 tonnes de CO2.<\/p>\n<p>http:\/\/www.cebfvplant.com\/tessiltoschiampl\/<br \/>http:\/\/www.cebfvplant.com\/romogest\/<br \/>Dans les proc\u00e9dures de gestion du travail au quotidien, l\u2019utilisation du papier a \u00e9t\u00e9 compl\u00e8tement remplac\u00e9e par les supports \u00e9lectroniques. La documentation est stock\u00e9e et sauvegard\u00e9e dans l\u2019archivage \u00e9lectronique et la majorit\u00e9 des donn\u00e9es vers l\u2019ext\u00e9rieur sont v\u00e9hicul\u00e9es par les r\u00e9seaux informatiques.<\/p>\n\t\t\t\t\t\t\t\t<\/div>\n\t\t\t\t<\/div>\n\t\t\t\t<div class=\"elementor-element elementor-element-9ba9909 elementor-widget__width-initial elementor-widget-tablet__width-inherit elementor-widget elementor-widget-image\" data-id=\"9ba9909\" data-element_type=\"widget\" data-e-type=\"widget\" data-widget_type=\"image.default\">\n\t\t\t\t<div class=\"elementor-widget-container\">\n\t\t\t\t\t\t\t\t\t\t\t\t\t\t\t<img fetchpriority=\"high\" decoding=\"async\" width=\"570\" height=\"440\" src=\"https:\/\/www.tessiltoschi.com\/wp-content\/uploads\/2024\/04\/environmental-responsibility.jpg\" class=\"attachment-full size-full wp-image-1891\" alt=\"\" srcset=\"https:\/\/www.tessiltoschi.com\/wp-content\/uploads\/2024\/04\/environmental-responsibility.jpg 570w, https:\/\/www.tessiltoschi.com\/wp-content\/uploads\/2024\/04\/environmental-responsibility-300x232.jpg 300w\" sizes=\"(max-width: 570px) 100vw, 570px\" \/>\t\t\t\t\t\t\t\t\t\t\t\t\t\t\t<\/div>\n\t\t\t\t<\/div>\n\t\t\t\t\t<\/div>\n\t\t\t\t<\/div>\n\t\t\t\t<\/div>\n\t\t","protected":false},"excerpt":{"rendered":"<p>Tessiltoschi et l\u2019environnement Tessiltoschi a fait preuve dans le temps d\u2019une grande sensibilit\u00e9 pour pr\u00e9server l\u2019environnement, r\u00e9sultat d\u2019une longue tradition de comportement salutaire qui a toujours caract\u00e9ris\u00e9 la politique de l\u2019entreprise. La volont\u00e9 de vivre sur un lieu de travail sain et de contribuer \u00e0 la construction d\u2019un futur davantage en harmonie avec la nature [&hellip;]<\/p>\n","protected":false},"author":1,"featured_media":0,"parent":0,"menu_order":0,"comment_status":"closed","ping_status":"open","template":"","meta":{"_acf_changed":false,"footnotes":""},"class_list":["post-1984","page","type-page","status-publish","hentry"],"acf":[],"_links":{"self":[{"href":"https:\/\/www.tessiltoschi.com\/fr\/wp-json\/wp\/v2\/pages\/1984","targetHints":{"allow":["GET"]}}],"collection":[{"href":"https:\/\/www.tessiltoschi.com\/fr\/wp-json\/wp\/v2\/pages"}],"about":[{"href":"https:\/\/www.tessiltoschi.com\/fr\/wp-json\/wp\/v2\/types\/page"}],"author":[{"embeddable":true,"href":"https:\/\/www.tessiltoschi.com\/fr\/wp-json\/wp\/v2\/users\/1"}],"replies":[{"embeddable":true,"href":"https:\/\/www.tessiltoschi.com\/fr\/wp-json\/wp\/v2\/comments?post=1984"}],"version-history":[{"count":4,"href":"https:\/\/www.tessiltoschi.com\/fr\/wp-json\/wp\/v2\/pages\/1984\/revisions"}],"predecessor-version":[{"id":2859,"href":"https:\/\/www.tessiltoschi.com\/fr\/wp-json\/wp\/v2\/pages\/1984\/revisions\/2859"}],"wp:attachment":[{"href":"https:\/\/www.tessiltoschi.com\/fr\/wp-json\/wp\/v2\/media?parent=1984"}],"curies":[{"name":"wp","href":"https:\/\/api.w.org\/{rel}","templated":true}]}}