{"id":1996,"date":"2024-04-14T15:46:05","date_gmt":"2024-04-14T13:46:05","guid":{"rendered":"https:\/\/tessiltoschi.com\/historique-mission\/"},"modified":"2025-01-30T16:59:39","modified_gmt":"2025-01-30T15:59:39","slug":"historique-mission","status":"publish","type":"page","link":"https:\/\/www.tessiltoschi.com\/fr\/historique-mission\/","title":{"rendered":"Historique &amp; Mission"},"content":{"rendered":"\t\t<div data-elementor-type=\"wp-page\" data-elementor-id=\"1996\" class=\"elementor elementor-1996 elementor-819\" data-elementor-post-type=\"page\">\n\t\t\t\t<div class=\"elementor-element elementor-element-02ac13e e-flex e-con-boxed e-con e-parent\" data-id=\"02ac13e\" data-element_type=\"container\" data-settings=\"{&quot;background_background&quot;:&quot;classic&quot;}\">\n\t\t\t\t\t<div class=\"e-con-inner\">\n\t\t\t\t<div class=\"elementor-element elementor-element-5745d61 elementor-widget elementor-widget-heading\" data-id=\"5745d61\" data-element_type=\"widget\" data-widget_type=\"heading.default\">\n\t\t\t\t<div class=\"elementor-widget-container\">\n\t\t\t\t\t<h2 class=\"elementor-heading-title elementor-size-default\">Tessiltoschi Industrie Tessili<\/h2>\t\t\t\t<\/div>\n\t\t\t\t<\/div>\n\t\t\t\t<div class=\"elementor-element elementor-element-79366e9 elementor-widget-divider--view-line elementor-widget elementor-widget-global elementor-global-82 elementor-widget-divider\" data-id=\"79366e9\" data-element_type=\"widget\" data-widget_type=\"divider.default\">\n\t\t\t\t<div class=\"elementor-widget-container\">\n\t\t\t\t\t\t\t<div class=\"elementor-divider\">\n\t\t\t<span class=\"elementor-divider-separator\">\n\t\t\t\t\t\t<\/span>\n\t\t<\/div>\n\t\t\t\t\t\t<\/div>\n\t\t\t\t<\/div>\n\t\t\t\t<div class=\"elementor-element elementor-element-b6e5cf1 elementor-widget__width-initial elementor-widget-tablet__width-inherit elementor-widget elementor-widget-text-editor\" data-id=\"b6e5cf1\" data-element_type=\"widget\" data-widget_type=\"text-editor.default\">\n\t\t\t\t<div class=\"elementor-widget-container\">\n\t\t\t\t\t\t\t\t\t<p>Fond\u00e9e en 1968, Tessiltoschi a toujours eu comme objectif principal de satisfaire les exigences de ses clients en se basant sur deux principes:<\/p>\n<ol>\n<li>Soutien commercial et assistance constante et minutieuse aux propres clients.<\/li>\n<li>Proposition et production de tissus marqu\u00e9es par un rapport \u00e9lev\u00e9 entre le prix et les caract\u00e9ristiques techniques et qualitatives.<\/li>\n<\/ol>\n<p><br>L\u2019entreprise vise le premier objectif \u00e0 travers un vaste r\u00e9seau de vente, qui s\u2019organise sur une base territoriale, avec des agents de secteur et responsables commerciaux directs qui assistent le client durant toutes les \u00e9tapes de traitement et gestion de la commande, de la production des textiles et des tissus jusqu\u2019\u00e0 leur exp\u00e9dition. Les informations continuelles fournies \u00e0 la client\u00e8le sont consid\u00e9r\u00e9es comme une ressource strat\u00e9gique : elles d\u00e9butent par la confirmation, sous 24 heures \u00e0 compter de la r\u00e9ception de la commande, des conditions commerciales de fourniture des tissus et se concluent par l\u2019exp\u00e9dition, en temps r\u00e9el, des documents de livraison.<\/p>\n<p>Le deuxi\u00e8me objectif est poursuivi \u00e0 travers la disponibilit\u00e9 d\u2019une structure technique interne compos\u00e9e par plusieurs chefs de produits, permettant de proposer continuellement de nouveaux tissus; en m\u00eame temps il est essentiel d\u2019interpr\u00e9ter les exigences du client et de les traduire dans la r\u00e9alisation de tissus vendables. La qualit\u00e9 et la garantie des produits, en termes de temps et de quantit\u00e9, sont la finalit\u00e9 de ce secteur hautement sp\u00e9cialis\u00e9. Depuis 2002, la direction a fait en sorte d\u2019obtenir la certification ISO 9001\/UNI EN ISO 9001:2015 Certificat N. IT04\/1277, dans le but de r\u00e9aliser au mieux la mission de l\u2019entreprise.<\/p>\t\t\t\t\t\t\t\t<\/div>\n\t\t\t\t<\/div>\n\t\t\t\t<div class=\"elementor-element elementor-element-515b87e elementor-widget__width-initial elementor-widget elementor-widget-image\" data-id=\"515b87e\" data-element_type=\"widget\" data-widget_type=\"image.default\">\n\t\t\t\t<div class=\"elementor-widget-container\">\n\t\t\t\t\t\t\t\t\t\t\t\t\t\t\t<img fetchpriority=\"high\" decoding=\"async\" width=\"960\" height=\"480\" src=\"https:\/\/www.tessiltoschi.com\/wp-content\/uploads\/2025\/01\/company-tessiltoschi.jpg\" class=\"attachment-full size-full wp-image-4276\" alt=\"\" srcset=\"https:\/\/www.tessiltoschi.com\/wp-content\/uploads\/2025\/01\/company-tessiltoschi.jpg 960w, https:\/\/www.tessiltoschi.com\/wp-content\/uploads\/2025\/01\/company-tessiltoschi-300x150.jpg 300w, https:\/\/www.tessiltoschi.com\/wp-content\/uploads\/2025\/01\/company-tessiltoschi-768x384.jpg 768w, https:\/\/www.tessiltoschi.com\/wp-content\/uploads\/2025\/01\/company-tessiltoschi-600x300.jpg 600w\" sizes=\"(max-width: 960px) 100vw, 960px\" \/>\t\t\t\t\t\t\t\t\t\t\t\t\t\t\t<\/div>\n\t\t\t\t<\/div>\n\t\t\t\t<div class=\"elementor-element elementor-element-149b9dc elementor-widget-tablet__width-inherit elementor-widget elementor-widget-heading\" data-id=\"149b9dc\" data-element_type=\"widget\" data-widget_type=\"heading.default\">\n\t\t\t\t<div class=\"elementor-widget-container\">\n\t\t\t\t\t<h2 class=\"elementor-heading-title elementor-size-default\">Certifications<\/h2>\t\t\t\t<\/div>\n\t\t\t\t<\/div>\n\t\t\t\t<div class=\"elementor-element elementor-element-0712e3b elementor-widget-divider--view-line elementor-widget elementor-widget-global elementor-global-82 elementor-widget-divider\" data-id=\"0712e3b\" data-element_type=\"widget\" data-widget_type=\"divider.default\">\n\t\t\t\t<div class=\"elementor-widget-container\">\n\t\t\t\t\t\t\t<div class=\"elementor-divider\">\n\t\t\t<span class=\"elementor-divider-separator\">\n\t\t\t\t\t\t<\/span>\n\t\t<\/div>\n\t\t\t\t\t\t<\/div>\n\t\t\t\t<\/div>\n\t\t\t\t<div class=\"elementor-element elementor-element-c34ac31 elementor-widget__width-initial elementor-widget-mobile__width-inherit elementor-widget-tablet__width-inherit elementor-widget elementor-widget-image\" data-id=\"c34ac31\" data-element_type=\"widget\" data-widget_type=\"image.default\">\n\t\t\t\t<div class=\"elementor-widget-container\">\n\t\t\t\t\t\t\t\t\t\t\t\t\t\t\t<img decoding=\"async\" width=\"960\" height=\"1358\" src=\"https:\/\/www.tessiltoschi.com\/wp-content\/uploads\/2025\/01\/facts-uni-iso-certificate.jpg\" class=\"attachment-full size-full wp-image-4158\" alt=\"\" srcset=\"https:\/\/www.tessiltoschi.com\/wp-content\/uploads\/2025\/01\/facts-uni-iso-certificate.jpg 960w, https:\/\/www.tessiltoschi.com\/wp-content\/uploads\/2025\/01\/facts-uni-iso-certificate-212x300.jpg 212w, https:\/\/www.tessiltoschi.com\/wp-content\/uploads\/2025\/01\/facts-uni-iso-certificate-724x1024.jpg 724w, https:\/\/www.tessiltoschi.com\/wp-content\/uploads\/2025\/01\/facts-uni-iso-certificate-768x1086.jpg 768w, https:\/\/www.tessiltoschi.com\/wp-content\/uploads\/2025\/01\/facts-uni-iso-certificate-600x849.jpg 600w\" sizes=\"(max-width: 960px) 100vw, 960px\" \/>\t\t\t\t\t\t\t\t\t\t\t\t\t\t\t<\/div>\n\t\t\t\t<\/div>\n\t\t\t\t<div class=\"elementor-element elementor-element-5accfde elementor-widget__width-initial elementor-widget-mobile__width-inherit elementor-widget-tablet__width-inherit elementor-widget elementor-widget-image\" data-id=\"5accfde\" data-element_type=\"widget\" data-widget_type=\"image.default\">\n\t\t\t\t<div class=\"elementor-widget-container\">\n\t\t\t\t\t\t\t\t\t\t\t\t\t\t\t<img decoding=\"async\" width=\"960\" height=\"1358\" src=\"https:\/\/www.tessiltoschi.com\/wp-content\/uploads\/2024\/04\/facts-grs-certificate.jpg\" class=\"attachment-full size-full wp-image-1876\" alt=\"\" srcset=\"https:\/\/www.tessiltoschi.com\/wp-content\/uploads\/2024\/04\/facts-grs-certificate.jpg 960w, https:\/\/www.tessiltoschi.com\/wp-content\/uploads\/2024\/04\/facts-grs-certificate-212x300.jpg 212w, https:\/\/www.tessiltoschi.com\/wp-content\/uploads\/2024\/04\/facts-grs-certificate-724x1024.jpg 724w, https:\/\/www.tessiltoschi.com\/wp-content\/uploads\/2024\/04\/facts-grs-certificate-768x1086.jpg 768w, https:\/\/www.tessiltoschi.com\/wp-content\/uploads\/2024\/04\/facts-grs-certificate-600x849.jpg 600w\" sizes=\"(max-width: 960px) 100vw, 960px\" \/>\t\t\t\t\t\t\t\t\t\t\t\t\t\t\t<\/div>\n\t\t\t\t<\/div>\n\t\t\t\t\t<\/div>\n\t\t\t\t<\/div>\n\t\t\t\t<\/div>\n\t\t","protected":false},"excerpt":{"rendered":"<p>Tessiltoschi Industrie Tessili Fond\u00e9e en 1968, Tessiltoschi a toujours eu comme objectif principal de satisfaire les exigences de ses clients en se basant sur deux principes: Soutien commercial et assistance constante et minutieuse aux propres clients. Proposition et production de tissus marqu\u00e9es par un rapport \u00e9lev\u00e9 entre le prix et les caract\u00e9ristiques techniques et qualitatives. [&hellip;]<\/p>\n","protected":false},"author":1,"featured_media":3505,"parent":0,"menu_order":0,"comment_status":"closed","ping_status":"open","template":"","meta":{"_acf_changed":false,"footnotes":""},"class_list":["post-1996","page","type-page","status-publish","has-post-thumbnail","hentry"],"acf":[],"_links":{"self":[{"href":"https:\/\/www.tessiltoschi.com\/fr\/wp-json\/wp\/v2\/pages\/1996","targetHints":{"allow":["GET"]}}],"collection":[{"href":"https:\/\/www.tessiltoschi.com\/fr\/wp-json\/wp\/v2\/pages"}],"about":[{"href":"https:\/\/www.tessiltoschi.com\/fr\/wp-json\/wp\/v2\/types\/page"}],"author":[{"embeddable":true,"href":"https:\/\/www.tessiltoschi.com\/fr\/wp-json\/wp\/v2\/users\/1"}],"replies":[{"embeddable":true,"href":"https:\/\/www.tessiltoschi.com\/fr\/wp-json\/wp\/v2\/comments?post=1996"}],"version-history":[{"count":11,"href":"https:\/\/www.tessiltoschi.com\/fr\/wp-json\/wp\/v2\/pages\/1996\/revisions"}],"predecessor-version":[{"id":4291,"href":"https:\/\/www.tessiltoschi.com\/fr\/wp-json\/wp\/v2\/pages\/1996\/revisions\/4291"}],"wp:featuredmedia":[{"embeddable":true,"href":"https:\/\/www.tessiltoschi.com\/fr\/wp-json\/wp\/v2\/media\/3505"}],"wp:attachment":[{"href":"https:\/\/www.tessiltoschi.com\/fr\/wp-json\/wp\/v2\/media?parent=1996"}],"curies":[{"name":"wp","href":"https:\/\/api.w.org\/{rel}","templated":true}]}}