{"id":2012,"date":"2024-04-14T19:35:58","date_gmt":"2024-04-14T17:35:58","guid":{"rendered":"https:\/\/tessiltoschi.com\/finitions\/"},"modified":"2024-04-23T20:05:43","modified_gmt":"2024-04-23T18:05:43","slug":"finitions","status":"publish","type":"page","link":"https:\/\/www.tessiltoschi.com\/fr\/finitions\/","title":{"rendered":"Finitions"},"content":{"rendered":"\t\t<div data-elementor-type=\"wp-page\" data-elementor-id=\"2012\" class=\"elementor elementor-2012 elementor-1005\" data-elementor-post-type=\"page\">\n\t\t\t\t<div class=\"elementor-element elementor-element-02ac13e e-flex e-con-boxed e-con e-parent\" data-id=\"02ac13e\" data-element_type=\"container\" data-e-type=\"container\" data-settings=\"{&quot;background_background&quot;:&quot;classic&quot;}\">\n\t\t\t\t\t<div class=\"e-con-inner\">\n\t\t\t\t<div class=\"elementor-element elementor-element-79366e9 elementor-widget-divider--view-line elementor-widget elementor-widget-global elementor-global-82 elementor-widget-divider\" data-id=\"79366e9\" data-element_type=\"widget\" data-e-type=\"widget\" data-widget_type=\"divider.default\">\n\t\t\t\t<div class=\"elementor-widget-container\">\n\t\t\t\t\t\t\t<div class=\"elementor-divider\">\n\t\t\t<span class=\"elementor-divider-separator\">\n\t\t\t\t\t\t<\/span>\n\t\t<\/div>\n\t\t\t\t\t\t<\/div>\n\t\t\t\t<\/div>\n\t\t\t\t<div class=\"elementor-element elementor-element-2f9fff5 elementor-widget__width-initial elementor-widget-tablet__width-inherit elementor-position-top elementor-widget elementor-widget-image-box\" data-id=\"2f9fff5\" data-element_type=\"widget\" data-e-type=\"widget\" data-widget_type=\"image-box.default\">\n\t\t\t\t<div class=\"elementor-widget-container\">\n\t\t\t\t\t<div class=\"elementor-image-box-wrapper\"><figure class=\"elementor-image-box-img\"><img fetchpriority=\"high\" decoding=\"async\" width=\"640\" height=\"330\" src=\"https:\/\/www.tessiltoschi.com\/wp-content\/uploads\/2024\/04\/finishing-digital-print.jpg\" class=\"attachment-full size-full wp-image-1017\" alt=\"\" srcset=\"https:\/\/www.tessiltoschi.com\/wp-content\/uploads\/2024\/04\/finishing-digital-print.jpg 640w, https:\/\/www.tessiltoschi.com\/wp-content\/uploads\/2024\/04\/finishing-digital-print-300x155.jpg 300w, https:\/\/www.tessiltoschi.com\/wp-content\/uploads\/2024\/04\/finishing-digital-print-600x309.jpg 600w\" sizes=\"(max-width: 640px) 100vw, 640px\" \/><\/figure><div class=\"elementor-image-box-content\"><h3 class=\"elementor-image-box-title\">IMPRESSION NUMERIQUE<\/h3><p class=\"elementor-image-box-description\">Tessiltoschi utilise les techniques d\u2019impression num\u00e9rique qui permettent une reproduction graphique fid\u00e8le des dessins sur tissus.<\/p><\/div><\/div>\t\t\t\t<\/div>\n\t\t\t\t<\/div>\n\t\t\t\t<div class=\"elementor-element elementor-element-6f7dbeb elementor-widget__width-initial elementor-widget-tablet__width-inherit elementor-position-top elementor-widget elementor-widget-image-box\" data-id=\"6f7dbeb\" data-element_type=\"widget\" data-e-type=\"widget\" data-widget_type=\"image-box.default\">\n\t\t\t\t<div class=\"elementor-widget-container\">\n\t\t\t\t\t<div class=\"elementor-image-box-wrapper\"><figure class=\"elementor-image-box-img\"><img decoding=\"async\" width=\"640\" height=\"330\" src=\"https:\/\/www.tessiltoschi.com\/wp-content\/uploads\/2024\/04\/finishing-film-lamination.jpg\" class=\"attachment-full size-full wp-image-1018\" alt=\"\" srcset=\"https:\/\/www.tessiltoschi.com\/wp-content\/uploads\/2024\/04\/finishing-film-lamination.jpg 640w, https:\/\/www.tessiltoschi.com\/wp-content\/uploads\/2024\/04\/finishing-film-lamination-300x155.jpg 300w, https:\/\/www.tessiltoschi.com\/wp-content\/uploads\/2024\/04\/finishing-film-lamination-600x309.jpg 600w\" sizes=\"(max-width: 640px) 100vw, 640px\" \/><\/figure><div class=\"elementor-image-box-content\"><h3 class=\"elementor-image-box-title\">LAMINAGE DE FILM<\/h3><p class=\"elementor-image-box-description\">Film ou maille de diff\u00e9rents grammages peuvent \u00eatre lamin\u00e9s \u00e0 tout type de mat\u00e9riel m\u00eame de membranes transpirantes et imperm\u00e9ables.<\/p><\/div><\/div>\t\t\t\t<\/div>\n\t\t\t\t<\/div>\n\t\t\t\t<div class=\"elementor-element elementor-element-c504d2e elementor-widget__width-initial elementor-widget-tablet__width-inherit elementor-position-top elementor-widget elementor-widget-image-box\" data-id=\"c504d2e\" data-element_type=\"widget\" data-e-type=\"widget\" data-widget_type=\"image-box.default\">\n\t\t\t\t<div class=\"elementor-widget-container\">\n\t\t\t\t\t<div class=\"elementor-image-box-wrapper\"><figure class=\"elementor-image-box-img\"><img decoding=\"async\" width=\"640\" height=\"330\" src=\"https:\/\/www.tessiltoschi.com\/wp-content\/uploads\/2024\/04\/finishing-hotmelt-lamination.jpg\" class=\"attachment-full size-full wp-image-1019\" alt=\"\" srcset=\"https:\/\/www.tessiltoschi.com\/wp-content\/uploads\/2024\/04\/finishing-hotmelt-lamination.jpg 640w, https:\/\/www.tessiltoschi.com\/wp-content\/uploads\/2024\/04\/finishing-hotmelt-lamination-300x155.jpg 300w, https:\/\/www.tessiltoschi.com\/wp-content\/uploads\/2024\/04\/finishing-hotmelt-lamination-600x309.jpg 600w\" sizes=\"(max-width: 640px) 100vw, 640px\" \/><\/figure><div class=\"elementor-image-box-content\"><h3 class=\"elementor-image-box-title\">CONTRE-COLLAGE HOTMELT<\/h3><p class=\"elementor-image-box-description\">Un laminage transpirant et invisible qui peut \u00eatre effectu\u00e9 sur des tissus de grammages tr\u00e8s l\u00e9gers, mailles, polyur\u00e9thane et PE de densit\u00e9s diff\u00e9rentes.<\/p><\/div><\/div>\t\t\t\t<\/div>\n\t\t\t\t<\/div>\n\t\t\t\t<div class=\"elementor-element elementor-element-abbad42 elementor-widget__width-initial elementor-widget-tablet__width-inherit elementor-position-top elementor-widget elementor-widget-image-box\" data-id=\"abbad42\" data-element_type=\"widget\" data-e-type=\"widget\" data-widget_type=\"image-box.default\">\n\t\t\t\t<div class=\"elementor-widget-container\">\n\t\t\t\t\t<div class=\"elementor-image-box-wrapper\"><figure class=\"elementor-image-box-img\"><img loading=\"lazy\" decoding=\"async\" width=\"640\" height=\"330\" src=\"https:\/\/www.tessiltoschi.com\/wp-content\/uploads\/2024\/04\/finishing-latex-lamination.jpg\" class=\"attachment-full size-full wp-image-1020\" alt=\"\" srcset=\"https:\/\/www.tessiltoschi.com\/wp-content\/uploads\/2024\/04\/finishing-latex-lamination.jpg 640w, https:\/\/www.tessiltoschi.com\/wp-content\/uploads\/2024\/04\/finishing-latex-lamination-300x155.jpg 300w, https:\/\/www.tessiltoschi.com\/wp-content\/uploads\/2024\/04\/finishing-latex-lamination-600x309.jpg 600w\" sizes=\"(max-width: 640px) 100vw, 640px\" \/><\/figure><div class=\"elementor-image-box-content\"><h3 class=\"elementor-image-box-title\">LAMINAGE LATEX<\/h3><p class=\"elementor-image-box-description\">Technique de laminage pour obtenir un toucher doux ou plus soutenu sur tout type de tissu lamin\u00e9 ou feutre.<\/p><\/div><\/div>\t\t\t\t<\/div>\n\t\t\t\t<\/div>\n\t\t\t\t<div class=\"elementor-element elementor-element-8573817 elementor-widget__width-initial elementor-widget-tablet__width-inherit elementor-position-top elementor-widget elementor-widget-image-box\" data-id=\"8573817\" data-element_type=\"widget\" data-e-type=\"widget\" data-widget_type=\"image-box.default\">\n\t\t\t\t<div class=\"elementor-widget-container\">\n\t\t\t\t\t<div class=\"elementor-image-box-wrapper\"><figure class=\"elementor-image-box-img\"><img loading=\"lazy\" decoding=\"async\" width=\"640\" height=\"330\" src=\"https:\/\/www.tessiltoschi.com\/wp-content\/uploads\/2024\/04\/finishing-treatments.jpg\" class=\"attachment-full size-full wp-image-1021\" alt=\"\" srcset=\"https:\/\/www.tessiltoschi.com\/wp-content\/uploads\/2024\/04\/finishing-treatments.jpg 640w, https:\/\/www.tessiltoschi.com\/wp-content\/uploads\/2024\/04\/finishing-treatments-300x155.jpg 300w, https:\/\/www.tessiltoschi.com\/wp-content\/uploads\/2024\/04\/finishing-treatments-600x309.jpg 600w\" sizes=\"(max-width: 640px) 100vw, 640px\" \/><\/figure><div class=\"elementor-image-box-content\"><h3 class=\"elementor-image-box-title\">TRAITEMENTS<\/h3><p class=\"elementor-image-box-description\">Tessiltoschi r\u00e9alise des traitements sp\u00e9ciaux tels que : imperm\u00e9abilisation, Scotchguard\u00ae ou antitaches, assainissant, antistatique retardant ou antibact\u00e9rien.<\/p><\/div><\/div>\t\t\t\t<\/div>\n\t\t\t\t<\/div>\n\t\t\t\t\t<\/div>\n\t\t\t\t<\/div>\n\t\t\t\t<\/div>\n\t\t","protected":false},"excerpt":{"rendered":"<p>IMPRESSION NUMERIQUE Tessiltoschi utilise les techniques d\u2019impression num\u00e9rique qui permettent une reproduction graphique fid\u00e8le des dessins sur tissus. LAMINAGE DE FILM Film ou maille de diff\u00e9rents grammages peuvent \u00eatre lamin\u00e9s \u00e0 tout type de mat\u00e9riel m\u00eame de membranes transpirantes et imperm\u00e9ables. CONTRE-COLLAGE HOTMELT Un laminage transpirant et invisible qui peut \u00eatre effectu\u00e9 sur des tissus [&hellip;]<\/p>\n","protected":false},"author":1,"featured_media":0,"parent":0,"menu_order":0,"comment_status":"closed","ping_status":"open","template":"","meta":{"_acf_changed":false,"footnotes":""},"class_list":["post-2012","page","type-page","status-publish","hentry"],"acf":[],"_links":{"self":[{"href":"https:\/\/www.tessiltoschi.com\/fr\/wp-json\/wp\/v2\/pages\/2012","targetHints":{"allow":["GET"]}}],"collection":[{"href":"https:\/\/www.tessiltoschi.com\/fr\/wp-json\/wp\/v2\/pages"}],"about":[{"href":"https:\/\/www.tessiltoschi.com\/fr\/wp-json\/wp\/v2\/types\/page"}],"author":[{"embeddable":true,"href":"https:\/\/www.tessiltoschi.com\/fr\/wp-json\/wp\/v2\/users\/1"}],"replies":[{"embeddable":true,"href":"https:\/\/www.tessiltoschi.com\/fr\/wp-json\/wp\/v2\/comments?post=2012"}],"version-history":[{"count":4,"href":"https:\/\/www.tessiltoschi.com\/fr\/wp-json\/wp\/v2\/pages\/2012\/revisions"}],"predecessor-version":[{"id":2864,"href":"https:\/\/www.tessiltoschi.com\/fr\/wp-json\/wp\/v2\/pages\/2012\/revisions\/2864"}],"wp:attachment":[{"href":"https:\/\/www.tessiltoschi.com\/fr\/wp-json\/wp\/v2\/media?parent=2012"}],"curies":[{"name":"wp","href":"https:\/\/api.w.org\/{rel}","templated":true}]}}