{"id":1980,"date":"2024-04-14T16:22:43","date_gmt":"2024-04-14T14:22:43","guid":{"rendered":"https:\/\/tessiltoschi.com\/responsabilita-ambientale\/"},"modified":"2024-04-23T20:05:01","modified_gmt":"2024-04-23T18:05:01","slug":"responsabilita-ambientale","status":"publish","type":"page","link":"https:\/\/www.tessiltoschi.com\/it\/responsabilita-ambientale\/","title":{"rendered":"Responsabilit\u00e0 Ambientale"},"content":{"rendered":"\t\t<div data-elementor-type=\"wp-page\" data-elementor-id=\"1980\" class=\"elementor elementor-1980 elementor-879\" data-elementor-post-type=\"page\">\n\t\t\t\t<div class=\"elementor-element elementor-element-02ac13e e-flex e-con-boxed e-con e-parent\" data-id=\"02ac13e\" data-element_type=\"container\" data-settings=\"{&quot;background_background&quot;:&quot;classic&quot;}\">\n\t\t\t\t\t<div class=\"e-con-inner\">\n\t\t\t\t<div class=\"elementor-element elementor-element-5745d61 elementor-widget elementor-widget-heading\" data-id=\"5745d61\" data-element_type=\"widget\" data-widget_type=\"heading.default\">\n\t\t\t\t<div class=\"elementor-widget-container\">\n\t\t\t\t\t<h2 class=\"elementor-heading-title elementor-size-default\">Tessiltoschi e l'ambiente<\/h2>\t\t\t\t<\/div>\n\t\t\t\t<\/div>\n\t\t\t\t<div class=\"elementor-element elementor-element-79366e9 elementor-widget-divider--view-line elementor-widget elementor-widget-global elementor-global-82 elementor-widget-divider\" data-id=\"79366e9\" data-element_type=\"widget\" data-widget_type=\"divider.default\">\n\t\t\t\t<div class=\"elementor-widget-container\">\n\t\t\t\t\t\t\t<div class=\"elementor-divider\">\n\t\t\t<span class=\"elementor-divider-separator\">\n\t\t\t\t\t\t<\/span>\n\t\t<\/div>\n\t\t\t\t\t\t<\/div>\n\t\t\t\t<\/div>\n\t\t\t\t<div class=\"elementor-element elementor-element-b6e5cf1 elementor-widget__width-initial elementor-widget-tablet__width-inherit elementor-widget elementor-widget-text-editor\" data-id=\"b6e5cf1\" data-element_type=\"widget\" data-widget_type=\"text-editor.default\">\n\t\t\t\t<div class=\"elementor-widget-container\">\n\t\t\t\t\t\t\t\t\t<p>Tessiltoschi ha dimostrato nel tempo grande sensibilit\u00e0 per l\u2019ambiente, conseguenza di una lunga tradizione salutista che ha caratterizzato, da sempre, la politica aziendale. La volont\u00e0 di vivere in un luogo di lavoro salubre e di contribuire alla costruzione di un futuro pi\u00f9 in sintonia con la natura ha comportato alcune scelte significative, spesso penalizzanti economicamente: acquisto di impianti con caratteristiche di sicurezza maggiori dei limiti imposti dalle normative vigenti e sicuri per la salute fisica degli addetti che vi lavorano.<\/p>\n<p>A titolo di esempio, nei processi di accoppiamento \u00e8 bandito per principio ogni tipo di solvente chimico; vengono impiegati solo prodotti a base di acqua e, recentemente, \u00e8 stato realizzato un modernissimo impianto di accoppiatura che non produce fumi n\u00e9 residui tossici. Eliminazione dell\u2019amianto dai tetti, prima dell\u2019avvento della normativa che ne facilitava lo smaltimento. Investimenti massicci per produrre energia pulita, con l\u2019installazione di grossi impianti fotovoltaici.<\/p>\n<ul>\n<li>Anno 2008 impianto pilota di 20 Kwh<\/li>\n<li>Anno 2011 secondo impianto da 350 Kwh<\/li>\n<li>Anno 2013 terzo impianto da 84 Kwh<\/li>\n<li>Anno 2015 quarto impianto da 34 Kwh<\/li>\n<li>Per un totale di 488 Kwh<\/li>\n<\/ul>\n<p>Ad oggi il risparmio totale conseguito in termini di riduzione di gas serra \u00e8 stato di 1.700 tonnellate di CO2 e annualmente abbiamo un risparmio medio di 400 tonnellate di CO2.<\/p>\n<p>http:\/\/www.cebfvplant.com\/tessiltoschiampl\/<br \/>http:\/\/www.cebfvplant.com\/romogest\/<br \/>Nelle procedure di gestione quotidiana del lavoro d\u2019ufficio, l\u2019utilizzo della carta \u00e8 stato sostituito quasi completamente da supporti elettronici. La documentazione viene conservata e gestita in archivi elettronici e la maggior parte dei flussi dati con l\u2019esterno vengono veicolati attraverso i canali informatici.<\/p>\n\t\t\t\t\t\t\t\t<\/div>\n\t\t\t\t<\/div>\n\t\t\t\t<div class=\"elementor-element elementor-element-9ba9909 elementor-widget__width-initial elementor-widget-tablet__width-inherit elementor-widget elementor-widget-image\" data-id=\"9ba9909\" data-element_type=\"widget\" data-widget_type=\"image.default\">\n\t\t\t\t<div class=\"elementor-widget-container\">\n\t\t\t\t\t\t\t\t\t\t\t\t\t\t\t<img fetchpriority=\"high\" decoding=\"async\" width=\"570\" height=\"440\" src=\"https:\/\/www.tessiltoschi.com\/wp-content\/uploads\/2024\/04\/environmental-responsibility.jpg\" class=\"attachment-full size-full wp-image-1893\" alt=\"\" srcset=\"https:\/\/www.tessiltoschi.com\/wp-content\/uploads\/2024\/04\/environmental-responsibility.jpg 570w, https:\/\/www.tessiltoschi.com\/wp-content\/uploads\/2024\/04\/environmental-responsibility-300x232.jpg 300w\" sizes=\"(max-width: 570px) 100vw, 570px\" \/>\t\t\t\t\t\t\t\t\t\t\t\t\t\t\t<\/div>\n\t\t\t\t<\/div>\n\t\t\t\t\t<\/div>\n\t\t\t\t<\/div>\n\t\t\t\t<\/div>\n\t\t","protected":false},"excerpt":{"rendered":"<p>Tessiltoschi e l&#8217;ambiente Tessiltoschi ha dimostrato nel tempo grande sensibilit\u00e0 per l\u2019ambiente, conseguenza di una lunga tradizione salutista che ha caratterizzato, da sempre, la politica aziendale. La volont\u00e0 di vivere in un luogo di lavoro salubre e di contribuire alla costruzione di un futuro pi\u00f9 in sintonia con la natura ha comportato alcune scelte significative, [&hellip;]<\/p>\n","protected":false},"author":1,"featured_media":0,"parent":0,"menu_order":0,"comment_status":"closed","ping_status":"open","template":"","meta":{"_acf_changed":false,"footnotes":""},"class_list":["post-1980","page","type-page","status-publish","hentry"],"acf":[],"_links":{"self":[{"href":"https:\/\/www.tessiltoschi.com\/it\/wp-json\/wp\/v2\/pages\/1980","targetHints":{"allow":["GET"]}}],"collection":[{"href":"https:\/\/www.tessiltoschi.com\/it\/wp-json\/wp\/v2\/pages"}],"about":[{"href":"https:\/\/www.tessiltoschi.com\/it\/wp-json\/wp\/v2\/types\/page"}],"author":[{"embeddable":true,"href":"https:\/\/www.tessiltoschi.com\/it\/wp-json\/wp\/v2\/users\/1"}],"replies":[{"embeddable":true,"href":"https:\/\/www.tessiltoschi.com\/it\/wp-json\/wp\/v2\/comments?post=1980"}],"version-history":[{"count":4,"href":"https:\/\/www.tessiltoschi.com\/it\/wp-json\/wp\/v2\/pages\/1980\/revisions"}],"predecessor-version":[{"id":2860,"href":"https:\/\/www.tessiltoschi.com\/it\/wp-json\/wp\/v2\/pages\/1980\/revisions\/2860"}],"wp:attachment":[{"href":"https:\/\/www.tessiltoschi.com\/it\/wp-json\/wp\/v2\/media?parent=1980"}],"curies":[{"name":"wp","href":"https:\/\/api.w.org\/{rel}","templated":true}]}}