{"id":2022,"date":"2024-04-14T19:12:42","date_gmt":"2024-04-14T17:12:42","guid":{"rendered":"https:\/\/tessiltoschi.com\/laboratorio\/"},"modified":"2024-05-03T08:56:15","modified_gmt":"2024-05-03T06:56:15","slug":"laboratorio","status":"publish","type":"page","link":"https:\/\/www.tessiltoschi.com\/it\/laboratorio\/","title":{"rendered":"Laboratorio"},"content":{"rendered":"\t\t<div data-elementor-type=\"wp-page\" data-elementor-id=\"2022\" class=\"elementor elementor-2022 elementor-962\" data-elementor-post-type=\"page\">\n\t\t\t\t<div class=\"elementor-element elementor-element-02ac13e e-flex e-con-boxed e-con e-parent\" data-id=\"02ac13e\" data-element_type=\"container\" data-settings=\"{&quot;background_background&quot;:&quot;classic&quot;}\">\n\t\t\t\t\t<div class=\"e-con-inner\">\n\t\t\t\t<div class=\"elementor-element elementor-element-79366e9 elementor-widget-divider--view-line elementor-widget elementor-widget-global elementor-global-82 elementor-widget-divider\" data-id=\"79366e9\" data-element_type=\"widget\" data-widget_type=\"divider.default\">\n\t\t\t\t<div class=\"elementor-widget-container\">\n\t\t\t\t\t\t\t<div class=\"elementor-divider\">\n\t\t\t<span class=\"elementor-divider-separator\">\n\t\t\t\t\t\t<\/span>\n\t\t<\/div>\n\t\t\t\t\t\t<\/div>\n\t\t\t\t<\/div>\n\t\t\t\t<div class=\"elementor-element elementor-element-b6e5cf1 elementor-widget__width-inherit elementor-widget-tablet__width-inherit elementor-widget elementor-widget-text-editor\" data-id=\"b6e5cf1\" data-element_type=\"widget\" data-widget_type=\"text-editor.default\">\n\t\t\t\t<div class=\"elementor-widget-container\">\n\t\t\t\t\t\t\t\t\t<p>Il laboratorio \u00e8 il fulcro dell\u2019unit\u00e0 ricerca e sviluppo di Tessiltoschi. Il nostro obiettivo \u00e8 soddisfare al meglio il cliente fornendo prodotti certificati di alta qualit\u00e0.&nbsp;<span style=\"color: var( --e-global-color-text ); font-family: var( --e-global-typography-text-font-family ), Sans-serif; font-size: var( --e-global-typography-text-font-size ); font-weight: var( --e-global-typography-text-font-weight );\">I principali test eseguiti sono:<\/span><\/p>\n\t\t\t\t\t\t\t\t<\/div>\n\t\t\t\t<\/div>\n\t\t\t\t<div class=\"elementor-element elementor-element-2f9fff5 elementor-widget__width-initial elementor-widget-tablet__width-inherit elementor-position-top elementor-widget elementor-widget-image-box\" data-id=\"2f9fff5\" data-element_type=\"widget\" data-widget_type=\"image-box.default\">\n\t\t\t\t<div class=\"elementor-widget-container\">\n\t\t\t\t\t<div class=\"elementor-image-box-wrapper\"><figure class=\"elementor-image-box-img\"><img fetchpriority=\"high\" decoding=\"async\" width=\"640\" height=\"330\" src=\"https:\/\/www.tessiltoschi.com\/wp-content\/uploads\/2024\/04\/laboratory-martindale.jpg\" class=\"attachment-full size-full wp-image-982\" alt=\"\" srcset=\"https:\/\/www.tessiltoschi.com\/wp-content\/uploads\/2024\/04\/laboratory-martindale.jpg 640w, https:\/\/www.tessiltoschi.com\/wp-content\/uploads\/2024\/04\/laboratory-martindale-300x155.jpg 300w, https:\/\/www.tessiltoschi.com\/wp-content\/uploads\/2024\/04\/laboratory-martindale-600x309.jpg 600w\" sizes=\"(max-width: 640px) 100vw, 640px\" \/><\/figure><div class=\"elementor-image-box-content\"><h3 class=\"elementor-image-box-title\">Martindale<\/h3><p class=\"elementor-image-box-description\">Metodo MARTINDALE per analizzare la resistenza alla abrasione, in base alla norma EN ISO 12947-2 e la resistenza al pilling, in base alla norma EN ISO 12945-2.<\/p><\/div><\/div>\t\t\t\t<\/div>\n\t\t\t\t<\/div>\n\t\t\t\t<div class=\"elementor-element elementor-element-6f7dbeb elementor-widget__width-initial elementor-widget-tablet__width-inherit elementor-position-top elementor-widget elementor-widget-image-box\" data-id=\"6f7dbeb\" data-element_type=\"widget\" data-widget_type=\"image-box.default\">\n\t\t\t\t<div class=\"elementor-widget-container\">\n\t\t\t\t\t<div class=\"elementor-image-box-wrapper\"><figure class=\"elementor-image-box-img\"><img decoding=\"async\" width=\"640\" height=\"330\" src=\"https:\/\/www.tessiltoschi.com\/wp-content\/uploads\/2024\/04\/laboratory-delamination.jpg\" class=\"attachment-full size-full wp-image-988\" alt=\"\" srcset=\"https:\/\/www.tessiltoschi.com\/wp-content\/uploads\/2024\/04\/laboratory-delamination.jpg 640w, https:\/\/www.tessiltoschi.com\/wp-content\/uploads\/2024\/04\/laboratory-delamination-300x155.jpg 300w, https:\/\/www.tessiltoschi.com\/wp-content\/uploads\/2024\/04\/laboratory-delamination-600x309.jpg 600w\" sizes=\"(max-width: 640px) 100vw, 640px\" \/><\/figure><div class=\"elementor-image-box-content\"><h3 class=\"elementor-image-box-title\">Strappo, trazione e delaminazione<\/h3><p class=\"elementor-image-box-description\">Prove di resistenza alle lacerazioni (UNI EN ISO 13937), alla trazione (UNI EN ISO 13934) e alla delaminazione (UNI EN ISO 12754).<\/p><\/div><\/div>\t\t\t\t<\/div>\n\t\t\t\t<\/div>\n\t\t\t\t<div class=\"elementor-element elementor-element-c504d2e elementor-widget__width-initial elementor-widget-tablet__width-inherit elementor-position-top elementor-widget elementor-widget-image-box\" data-id=\"c504d2e\" data-element_type=\"widget\" data-widget_type=\"image-box.default\">\n\t\t\t\t<div class=\"elementor-widget-container\">\n\t\t\t\t\t<div class=\"elementor-image-box-wrapper\"><figure class=\"elementor-image-box-img\"><img decoding=\"async\" width=\"640\" height=\"330\" src=\"https:\/\/www.tessiltoschi.com\/wp-content\/uploads\/2024\/04\/laboratory-delamination.jpg\" class=\"attachment-full size-full wp-image-988\" alt=\"\" srcset=\"https:\/\/www.tessiltoschi.com\/wp-content\/uploads\/2024\/04\/laboratory-delamination.jpg 640w, https:\/\/www.tessiltoschi.com\/wp-content\/uploads\/2024\/04\/laboratory-delamination-300x155.jpg 300w, https:\/\/www.tessiltoschi.com\/wp-content\/uploads\/2024\/04\/laboratory-delamination-600x309.jpg 600w\" sizes=\"(max-width: 640px) 100vw, 640px\" \/><\/figure><div class=\"elementor-image-box-content\"><h3 class=\"elementor-image-box-title\">Anti perforazione<\/h3><p class=\"elementor-image-box-description\">Prova di resistenza alla perforazione specifica per la calzatura antinfortunistica.<\/p><\/div><\/div>\t\t\t\t<\/div>\n\t\t\t\t<\/div>\n\t\t\t\t<div class=\"elementor-element elementor-element-abbad42 elementor-widget__width-initial elementor-widget-tablet__width-inherit elementor-position-top elementor-widget elementor-widget-image-box\" data-id=\"abbad42\" data-element_type=\"widget\" data-widget_type=\"image-box.default\">\n\t\t\t\t<div class=\"elementor-widget-container\">\n\t\t\t\t\t<div class=\"elementor-image-box-wrapper\"><figure class=\"elementor-image-box-img\"><img decoding=\"async\" width=\"640\" height=\"330\" src=\"https:\/\/www.tessiltoschi.com\/wp-content\/uploads\/2024\/04\/laboratory-flexing.jpg\" class=\"attachment-full size-full wp-image-992\" alt=\"\" srcset=\"https:\/\/www.tessiltoschi.com\/wp-content\/uploads\/2024\/04\/laboratory-flexing.jpg 640w, https:\/\/www.tessiltoschi.com\/wp-content\/uploads\/2024\/04\/laboratory-flexing-300x155.jpg 300w, https:\/\/www.tessiltoschi.com\/wp-content\/uploads\/2024\/04\/laboratory-flexing-600x309.jpg 600w\" sizes=\"(max-width: 640px) 100vw, 640px\" \/><\/figure><div class=\"elementor-image-box-content\"><h3 class=\"elementor-image-box-title\">Prova di flessione<\/h3><p class=\"elementor-image-box-description\">Prova di resistenza alla flessione della soletta antiperforazione, in base alla normativa CSA Z 195-14 e ASTM F2413-11.<\/p><\/div><\/div>\t\t\t\t<\/div>\n\t\t\t\t<\/div>\n\t\t\t\t<div class=\"elementor-element elementor-element-8573817 elementor-widget__width-initial elementor-widget-tablet__width-inherit elementor-position-top elementor-widget elementor-widget-image-box\" data-id=\"8573817\" data-element_type=\"widget\" data-widget_type=\"image-box.default\">\n\t\t\t\t<div class=\"elementor-widget-container\">\n\t\t\t\t\t<div class=\"elementor-image-box-wrapper\"><figure class=\"elementor-image-box-img\"><img loading=\"lazy\" decoding=\"async\" width=\"640\" height=\"330\" src=\"https:\/\/www.tessiltoschi.com\/wp-content\/uploads\/2024\/04\/laboratory-flex.jpg\" class=\"attachment-full size-full wp-image-999\" alt=\"\" srcset=\"https:\/\/www.tessiltoschi.com\/wp-content\/uploads\/2024\/04\/laboratory-flex.jpg 640w, https:\/\/www.tessiltoschi.com\/wp-content\/uploads\/2024\/04\/laboratory-flex-300x155.jpg 300w, https:\/\/www.tessiltoschi.com\/wp-content\/uploads\/2024\/04\/laboratory-flex-600x309.jpg 600w\" sizes=\"(max-width: 640px) 100vw, 640px\" \/><\/figure><div class=\"elementor-image-box-content\"><h3 class=\"elementor-image-box-title\">Resistenza alla flessione<\/h3><p class=\"elementor-image-box-description\">Prove di resistenza alla flessione, in base alla normativa UNI 4818.<\/p><\/div><\/div>\t\t\t\t<\/div>\n\t\t\t\t<\/div>\n\t\t\t\t<div class=\"elementor-element elementor-element-91978d1 elementor-widget__width-initial elementor-widget-tablet__width-inherit elementor-position-top elementor-widget elementor-widget-image-box\" data-id=\"91978d1\" data-element_type=\"widget\" data-widget_type=\"image-box.default\">\n\t\t\t\t<div class=\"elementor-widget-container\">\n\t\t\t\t\t<div class=\"elementor-image-box-wrapper\"><figure class=\"elementor-image-box-img\"><img loading=\"lazy\" decoding=\"async\" width=\"640\" height=\"330\" src=\"https:\/\/www.tessiltoschi.com\/wp-content\/uploads\/2024\/04\/laboratory-rubbing.jpg\" class=\"attachment-full size-full wp-image-1000\" alt=\"\" srcset=\"https:\/\/www.tessiltoschi.com\/wp-content\/uploads\/2024\/04\/laboratory-rubbing.jpg 640w, https:\/\/www.tessiltoschi.com\/wp-content\/uploads\/2024\/04\/laboratory-rubbing-300x155.jpg 300w, https:\/\/www.tessiltoschi.com\/wp-content\/uploads\/2024\/04\/laboratory-rubbing-600x309.jpg 600w\" sizes=\"(max-width: 640px) 100vw, 640px\" \/><\/figure><div class=\"elementor-image-box-content\"><h3 class=\"elementor-image-box-title\">Durata allo sfregamento<\/h3><p class=\"elementor-image-box-description\">Prove della solidit\u00e0 allo sfregamento.<\/p><\/div><\/div>\t\t\t\t<\/div>\n\t\t\t\t<\/div>\n\t\t\t\t<div class=\"elementor-element elementor-element-9189798 elementor-widget__width-initial elementor-widget-tablet__width-inherit elementor-position-top elementor-widget elementor-widget-image-box\" data-id=\"9189798\" data-element_type=\"widget\" data-widget_type=\"image-box.default\">\n\t\t\t\t<div class=\"elementor-widget-container\">\n\t\t\t\t\t<div class=\"elementor-image-box-wrapper\"><figure class=\"elementor-image-box-img\"><img loading=\"lazy\" decoding=\"async\" width=\"640\" height=\"330\" src=\"https:\/\/www.tessiltoschi.com\/wp-content\/uploads\/2024\/04\/laboratory-spray.jpg\" class=\"attachment-full size-full wp-image-1001\" alt=\"\" srcset=\"https:\/\/www.tessiltoschi.com\/wp-content\/uploads\/2024\/04\/laboratory-spray.jpg 640w, https:\/\/www.tessiltoschi.com\/wp-content\/uploads\/2024\/04\/laboratory-spray-300x155.jpg 300w, https:\/\/www.tessiltoschi.com\/wp-content\/uploads\/2024\/04\/laboratory-spray-600x309.jpg 600w\" sizes=\"(max-width: 640px) 100vw, 640px\" \/><\/figure><div class=\"elementor-image-box-content\"><h3 class=\"elementor-image-box-title\">Spray test<\/h3><\/div><\/div>\t\t\t\t<\/div>\n\t\t\t\t<\/div>\n\t\t\t\t\t<\/div>\n\t\t\t\t<\/div>\n\t\t\t\t<\/div>\n\t\t","protected":false},"excerpt":{"rendered":"<p>Il laboratorio \u00e8 il fulcro dell\u2019unit\u00e0 ricerca e sviluppo di Tessiltoschi. Il nostro obiettivo \u00e8 soddisfare al meglio il cliente fornendo prodotti certificati di alta qualit\u00e0.&nbsp;I principali test eseguiti sono: Martindale Metodo MARTINDALE per analizzare la resistenza alla abrasione, in base alla norma EN ISO 12947-2 e la resistenza al pilling, in base alla norma [&hellip;]<\/p>\n","protected":false},"author":1,"featured_media":0,"parent":0,"menu_order":0,"comment_status":"closed","ping_status":"open","template":"","meta":{"_acf_changed":false,"footnotes":""},"class_list":["post-2022","page","type-page","status-publish","hentry"],"acf":[],"_links":{"self":[{"href":"https:\/\/www.tessiltoschi.com\/it\/wp-json\/wp\/v2\/pages\/2022","targetHints":{"allow":["GET"]}}],"collection":[{"href":"https:\/\/www.tessiltoschi.com\/it\/wp-json\/wp\/v2\/pages"}],"about":[{"href":"https:\/\/www.tessiltoschi.com\/it\/wp-json\/wp\/v2\/types\/page"}],"author":[{"embeddable":true,"href":"https:\/\/www.tessiltoschi.com\/it\/wp-json\/wp\/v2\/users\/1"}],"replies":[{"embeddable":true,"href":"https:\/\/www.tessiltoschi.com\/it\/wp-json\/wp\/v2\/comments?post=2022"}],"version-history":[{"count":14,"href":"https:\/\/www.tessiltoschi.com\/it\/wp-json\/wp\/v2\/pages\/2022\/revisions"}],"predecessor-version":[{"id":3085,"href":"https:\/\/www.tessiltoschi.com\/it\/wp-json\/wp\/v2\/pages\/2022\/revisions\/3085"}],"wp:attachment":[{"href":"https:\/\/www.tessiltoschi.com\/it\/wp-json\/wp\/v2\/media?parent=2022"}],"curies":[{"name":"wp","href":"https:\/\/api.w.org\/{rel}","templated":true}]}}