{"id":2407,"date":"2024-04-23T12:52:47","date_gmt":"2024-04-23T10:52:47","guid":{"rendered":"https:\/\/tessiltoschi.com\/covertex\/"},"modified":"2024-04-27T18:20:33","modified_gmt":"2024-04-27T16:20:33","slug":"covertex","status":"publish","type":"page","link":"https:\/\/www.tessiltoschi.com\/it\/covertex\/","title":{"rendered":"Tessuti Arredamento"},"content":{"rendered":"\t\t<div data-elementor-type=\"wp-page\" data-elementor-id=\"2407\" class=\"elementor elementor-2407 elementor-2392\" data-elementor-post-type=\"page\">\n\t\t\t\t<div class=\"elementor-element elementor-element-02ac13e e-flex e-con-boxed e-con e-parent\" data-id=\"02ac13e\" data-element_type=\"container\" data-e-type=\"container\" data-settings=\"{&quot;background_background&quot;:&quot;classic&quot;}\">\n\t\t\t\t\t<div class=\"e-con-inner\">\n\t\t\t\t<div class=\"elementor-element elementor-element-79366e9 elementor-widget-divider--view-line elementor-widget elementor-widget-global elementor-global-82 elementor-widget-divider\" data-id=\"79366e9\" data-element_type=\"widget\" data-e-type=\"widget\" data-widget_type=\"divider.default\">\n\t\t\t\t<div class=\"elementor-widget-container\">\n\t\t\t\t\t\t\t<div class=\"elementor-divider\">\n\t\t\t<span class=\"elementor-divider-separator\">\n\t\t\t\t\t\t<\/span>\n\t\t<\/div>\n\t\t\t\t\t\t<\/div>\n\t\t\t\t<\/div>\n\t\t\t\t<div class=\"elementor-element elementor-element-b6e5cf1 elementor-widget__width-initial elementor-widget-tablet__width-inherit elementor-widget elementor-widget-text-editor\" data-id=\"b6e5cf1\" data-element_type=\"widget\" data-e-type=\"widget\" data-widget_type=\"text-editor.default\">\n\t\t\t\t<div class=\"elementor-widget-container\">\n\t\t\t\t\t\t\t\t\t<p><strong>L&#8217;esclusivo tessuto elastico per la copertura e protezione dei divani.<\/strong><\/p>\n<p>COVERTEX \u00e8 un <strong>tessuto a maglia<\/strong> studiato appositamente per la produzione di copri divani. Basta modellare il tessuto con le mani per ottenere un perfetto fissaggio, senza le fastidiose pieghe.<br \/>L&#8217;<strong>elevata elasticit\u00e0<\/strong> del tessuto fa s\u00ec che il copri divano si adatti facilmente a qualsiasi forma dei prodotti d&#8217;arredo.<br \/>\u00c8 <strong>trattato antimacchia<\/strong> per proteggere il divano da ogni tipo di macchia e sporco.<br \/>\u00c8 <strong>personalizzabile<\/strong> con colori tinta unita e fantasie grazie alla stampa digitale, per realizzare un copri divano che rinnovi il look del vecchio sof\u00e0.<br \/>\u00c8 anche pratico, perch\u00e9 la manutenzione \u00e8 semplicissima. Si lava in lavatrice a 30 gradi e non necessita di passaggi in asciugatrice. Dopo la centrifuga, il tessuto torna perfetto e il copri divano sar\u00e0 pronto per l&#8217;uso.<\/p>\n\t\t\t\t\t\t\t\t<\/div>\n\t\t\t\t<\/div>\n\t\t\t\t<div class=\"elementor-element elementor-element-e424dc3 elementor-widget__width-initial elementor-widget elementor-widget-image\" data-id=\"e424dc3\" data-element_type=\"widget\" data-e-type=\"widget\" data-widget_type=\"image.default\">\n\t\t\t\t<div class=\"elementor-widget-container\">\n\t\t\t\t\t\t\t\t\t\t\t\t\t\t\t<img fetchpriority=\"high\" decoding=\"async\" width=\"640\" height=\"330\" src=\"https:\/\/www.tessiltoschi.com\/wp-content\/uploads\/2024\/04\/covertex-01.jpg\" class=\"attachment-full size-full wp-image-2396\" alt=\"\" srcset=\"https:\/\/www.tessiltoschi.com\/wp-content\/uploads\/2024\/04\/covertex-01.jpg 640w, https:\/\/www.tessiltoschi.com\/wp-content\/uploads\/2024\/04\/covertex-01-300x155.jpg 300w, https:\/\/www.tessiltoschi.com\/wp-content\/uploads\/2024\/04\/covertex-01-600x309.jpg 600w\" sizes=\"(max-width: 640px) 100vw, 640px\" \/>\t\t\t\t\t\t\t\t\t\t\t\t\t\t\t<\/div>\n\t\t\t\t<\/div>\n\t\t\t\t<div class=\"elementor-element elementor-element-6741842 elementor-widget__width-initial elementor-widget elementor-widget-image\" data-id=\"6741842\" data-element_type=\"widget\" data-e-type=\"widget\" data-widget_type=\"image.default\">\n\t\t\t\t<div class=\"elementor-widget-container\">\n\t\t\t\t\t\t\t\t\t\t\t\t\t\t\t<img decoding=\"async\" width=\"640\" height=\"337\" src=\"https:\/\/www.tessiltoschi.com\/wp-content\/uploads\/2024\/04\/covertex-03.jpg\" class=\"attachment-full size-full wp-image-2394\" alt=\"\" srcset=\"https:\/\/www.tessiltoschi.com\/wp-content\/uploads\/2024\/04\/covertex-03.jpg 640w, https:\/\/www.tessiltoschi.com\/wp-content\/uploads\/2024\/04\/covertex-03-300x158.jpg 300w, https:\/\/www.tessiltoschi.com\/wp-content\/uploads\/2024\/04\/covertex-03-600x316.jpg 600w\" sizes=\"(max-width: 640px) 100vw, 640px\" \/>\t\t\t\t\t\t\t\t\t\t\t\t\t\t\t<\/div>\n\t\t\t\t<\/div>\n\t\t\t\t<div class=\"elementor-element elementor-element-c737b66 elementor-widget__width-initial elementor-widget elementor-widget-image\" data-id=\"c737b66\" data-element_type=\"widget\" data-e-type=\"widget\" data-widget_type=\"image.default\">\n\t\t\t\t<div class=\"elementor-widget-container\">\n\t\t\t\t\t\t\t\t\t\t\t\t\t\t\t<img decoding=\"async\" width=\"640\" height=\"337\" src=\"https:\/\/www.tessiltoschi.com\/wp-content\/uploads\/2024\/04\/covertex-02.jpg\" class=\"attachment-full size-full wp-image-2395\" alt=\"\" srcset=\"https:\/\/www.tessiltoschi.com\/wp-content\/uploads\/2024\/04\/covertex-02.jpg 640w, https:\/\/www.tessiltoschi.com\/wp-content\/uploads\/2024\/04\/covertex-02-300x158.jpg 300w, https:\/\/www.tessiltoschi.com\/wp-content\/uploads\/2024\/04\/covertex-02-600x316.jpg 600w\" sizes=\"(max-width: 640px) 100vw, 640px\" \/>\t\t\t\t\t\t\t\t\t\t\t\t\t\t\t<\/div>\n\t\t\t\t<\/div>\n\t\t\t\t\t<\/div>\n\t\t\t\t<\/div>\n\t\t\t\t<\/div>\n\t\t","protected":false},"excerpt":{"rendered":"<p>L&#8217;esclusivo tessuto elastico per la copertura e protezione dei divani. COVERTEX \u00e8 un tessuto a maglia studiato appositamente per la produzione di copri divani. Basta modellare il tessuto con le mani per ottenere un perfetto fissaggio, senza le fastidiose pieghe.L&#8217;elevata elasticit\u00e0 del tessuto fa s\u00ec che il copri divano si adatti facilmente a qualsiasi forma [&hellip;]<\/p>\n","protected":false},"author":1,"featured_media":0,"parent":0,"menu_order":0,"comment_status":"closed","ping_status":"open","template":"","meta":{"_acf_changed":false,"footnotes":""},"class_list":["post-2407","page","type-page","status-publish","hentry"],"acf":[],"_links":{"self":[{"href":"https:\/\/www.tessiltoschi.com\/it\/wp-json\/wp\/v2\/pages\/2407","targetHints":{"allow":["GET"]}}],"collection":[{"href":"https:\/\/www.tessiltoschi.com\/it\/wp-json\/wp\/v2\/pages"}],"about":[{"href":"https:\/\/www.tessiltoschi.com\/it\/wp-json\/wp\/v2\/types\/page"}],"author":[{"embeddable":true,"href":"https:\/\/www.tessiltoschi.com\/it\/wp-json\/wp\/v2\/users\/1"}],"replies":[{"embeddable":true,"href":"https:\/\/www.tessiltoschi.com\/it\/wp-json\/wp\/v2\/comments?post=2407"}],"version-history":[{"count":7,"href":"https:\/\/www.tessiltoschi.com\/it\/wp-json\/wp\/v2\/pages\/2407\/revisions"}],"predecessor-version":[{"id":2987,"href":"https:\/\/www.tessiltoschi.com\/it\/wp-json\/wp\/v2\/pages\/2407\/revisions\/2987"}],"wp:attachment":[{"href":"https:\/\/www.tessiltoschi.com\/it\/wp-json\/wp\/v2\/media?parent=2407"}],"curies":[{"name":"wp","href":"https:\/\/api.w.org\/{rel}","templated":true}]}}